{"id":2775,"date":"2025-03-26T20:28:18","date_gmt":"2025-03-26T20:28:18","guid":{"rendered":"https:\/\/trondek-klondike.com\/?page_id=2775"},"modified":"2025-06-12T19:44:32","modified_gmt":"2025-06-12T19:44:32","slug":"visit","status":"publish","type":"page","link":"https:\/\/trondek-klondike.com\/index.php\/visit\/","title":{"rendered":"Visit"},"content":{"rendered":"<div id=\"pl-2775\"  class=\"panel-layout\" ><div id=\"pg-2775-0\"  class=\"panel-grid panel-has-style\" ><div class=\"siteorigin-panels-stretch parallax-section row-69fdce63619ca panel-row-style panel-row-style-for-2775-0\" style=\"background-image: url(https:\/\/trondek-klondike.com\/wp-content\/uploads\/2025\/03\/Dawson-1.jpg);background-position: center top;\" data-stretch-type=\"full\" data-parallax-image=\"https:\/\/trondek-klondike.com\/wp-content\/uploads\/2025\/03\/Dawson-1.jpg\" data-parallax-id=\".row-69fdce63619ca\" ><div id=\"pgc-2775-0-0\"  class=\"panel-grid-cell panel-grid-cell-empty\" ><\/div><\/div><\/div><div id=\"pg-2775-1\"  class=\"panel-grid panel-has-style\" ><div class=\"siteorigin-panels-stretch panel-row-style panel-row-style-for-2775-1\" data-stretch-type=\"full\" ><div id=\"pgc-2775-1-0\"  class=\"panel-grid-cell panel-grid-cell-mobile-last\" ><div id=\"panel-2775-1-0-0\" class=\"so-panel widget widget_sow-headline panel-first-child\" data-index=\"0\" ><div style=\"margin-bottom: 20px !important; \" class=\"panel-widget-style panel-widget-style-for-2775-1-0-0\" ><div\n\t\t\t\n\t\t\tclass=\"so-widget-sow-headline so-widget-sow-headline-default-d5025ad01ff2-2775\"\n\t\t\t\n\t\t><div class=\"sow-headline-container \">\n\t\t\t\t\t\t\t<h4 class=\"sow-headline\">\n\t\t\t\t\t\tVisit\t\t\t\t\t\t<\/h4>\n\t\t\t\t\t\t<\/div>\n<\/div><\/div><\/div><div id=\"panel-2775-1-0-1\" class=\"so-panel widget widget_sow-headline panel-last-child\" data-index=\"1\" ><div style=\"margin-bottom: 30px !important; \" class=\"panel-widget-style panel-widget-style-for-2775-1-0-1\" ><div\n\t\t\t\n\t\t\tclass=\"so-widget-sow-headline so-widget-sow-headline-default-bd93e78fdad2-2775\"\n\t\t\t\n\t\t><div class=\"sow-headline-container \">\n\t\t\t\t\t\t\t<h3 class=\"sow-headline\">\n\t\t\t\t\t\tExperience Tr'ond\u00ebk-Hwech'in\t\t\t\t\t\t<\/h3>\n\t\t\t\t\t\t<\/div>\n<\/div><\/div><\/div><\/div><div id=\"pgc-2775-1-1\"  class=\"panel-grid-cell panel-grid-cell-empty\" ><\/div><\/div><\/div><div id=\"pg-2775-2\"  class=\"panel-grid panel-has-style\" ><div class=\"siteorigin-panels-stretch panel-row-style panel-row-style-for-2775-2\" data-stretch-type=\"full\" ><div id=\"pgc-2775-2-0\"  class=\"panel-grid-cell\" ><div id=\"panel-2775-2-0-0\" class=\"so-panel widget widget_sow-editor panel-first-child panel-last-child\" data-index=\"2\" ><div style=\"margin-bottom: 20px !important; \" class=\"panel-widget-style panel-widget-style-for-2775-2-0-0\" ><div\n\t\t\t\n\t\t\tclass=\"so-widget-sow-editor so-widget-sow-editor-base\"\n\t\t\t\n\t\t>\n<div class=\"siteorigin-widget-tinymce textwidget\">\n\t<p>There are multiple daily scheduled flights to and from the Yukon. International and national flights land via the Erik Nielsen Whitehorse International Airport located in Whitehorse. Air North, Yukon\u2019s Airline offers daily services to Whitehorse from Vancouver, regular services from Calgary, Edmonton, Kelowna, Victoria and seasonal service from Toronto and Ottawa via Yellowknife. They also provide regular scheduled flights to Dawson City, Old Crow and Inuvik year round, so you can fly all the way! Rental vehicles are also available in Whitehorse should you choose to drive from Whitehorse to Dawson, a distance of 530 kilometres or about a six-hour drive. If you would like to take a bit longer, you can canoe the Yukon River, from Whitehorse to Dawson City during the summer months. To help plan your trip, use the link below.<\/p>\n<p>&nbsp;<\/p>\n<\/div>\n<\/div><\/div><\/div><\/div><div id=\"pgc-2775-2-1\"  class=\"panel-grid-cell\" ><div id=\"panel-2775-2-1-0\" class=\"so-panel widget widget_sow-accordion panel-first-child panel-last-child\" data-index=\"3\" ><div style=\"margin-bottom: 20px !important; \" class=\"panel-widget-style panel-widget-style-for-2775-2-1-0\" ><div\n\t\t\t\n\t\t\tclass=\"so-widget-sow-accordion so-widget-sow-accordion-default-c0f9c4d3c896-2775\"\n\t\t\t\n\t\t><div>\n\t<div class=\"sow-accordion\">\n\t\t\t<div class=\"sow-accordion-panel\n\t\t\t\t\t\"\n\t\t\t\tdata-anchor-id=\"dawson-city\">\n\t\t\t\t\t<div class=\"sow-accordion-panel-header-container\" role=\"heading\" aria-level=\"2\">\n\t\t\t\t\t<div class=\"sow-accordion-panel-header\" tabindex=\"0\" role=\"button\" id=\"accordion-label-dawson-city\" aria-controls=\"accordion-content-dawson-city\" aria-expanded=\"false\">\n\t\t\t\t\t\t<div class=\"sow-accordion-title sow-accordion-title-icon-left\">\n\t\t\t\t\t\t\t\t\t\t\t\t\t\tDawson City\t\t\t\t\t\t\t\t\t\t\t\t\t<\/div>\n\t\t\t\t\t\t<div class=\"sow-accordion-open-close-button\">\n\t\t\t\t\t\t\t<div class=\"sow-accordion-open-button\">\n\t\t\t\t\t\t\t\t<span class=\"sow-icon-ionicons\" data-sow-icon=\"&#xf218;\"\n\t\t \n\t\taria-hidden=\"true\"><\/span>\t\t\t\t\t\t\t<\/div>\n\t\t\t\t\t\t\t<div class=\"sow-accordion-close-button\">\n\t\t\t\t\t\t\t\t<span class=\"sow-icon-ionicons\" data-sow-icon=\"&#xf209;\"\n\t\t \n\t\taria-hidden=\"true\"><\/span>\t\t\t\t\t\t\t<\/div>\n\t\t\t\t\t\t<\/div>\n\t\t\t\t\t<\/div>\n\t\t\t\t<\/div>\n\n\t\t\t<div\n\t\t\t\tclass=\"sow-accordion-panel-content\"\n\t\t\t\trole=\"region\"\n\t\t\t\taria-labelledby=\"accordion-label-dawson-city\"\n\t\t\t\tid=\"accordion-content-dawson-city\"\n\t\t\t\tstyle=\"display: none;\"\t\t\t>\n\t\t\t\t<div class=\"sow-accordion-panel-border\">\n\t\t\t\t\t<p>Dawson City is the primary location for visitation within Tr\u2019ond\u00ebk-Klondike and has all the necessary infrastructure and resources in place to provide an outstanding experience for visitors to the site. Dawson is already a destination for visitors to Yukon, with mature programming and an experienced hospitality industry.<\/p>\n<p>In addition to visiting D\u00e4noj\u00e0 Zho Cultural Centre and other venues such as the Dawson City Museum, the Dawson City Firefighters Museum or the Jack London Museum, there are several tours and activities offered by Parks Canada during the summer months. A free, self guided walking tour booklet is also available from the Yukon government. Visit the Dawson City Visitor Information Centre for \u201con-the ground\u201d information on places and events in the area.<\/p>\n\t\t\t\t<\/div>\n\t\t\t<\/div>\n\t\t<\/div>\n\t\t\t<div class=\"sow-accordion-panel\n\t\t\t\t\t\"\n\t\t\t\tdata-anchor-id=\"trochek\">\n\t\t\t\t\t<div class=\"sow-accordion-panel-header-container\" role=\"heading\" aria-level=\"2\">\n\t\t\t\t\t<div class=\"sow-accordion-panel-header\" tabindex=\"0\" role=\"button\" id=\"accordion-label-troch%c3%abk\" aria-controls=\"accordion-content-troch%c3%abk\" aria-expanded=\"false\">\n\t\t\t\t\t\t<div class=\"sow-accordion-title sow-accordion-title-icon-left\">\n\t\t\t\t\t\t\t\t\t\t\t\t\t\tTr'och\u00ebk\t\t\t\t\t\t\t\t\t\t\t\t\t<\/div>\n\t\t\t\t\t\t<div class=\"sow-accordion-open-close-button\">\n\t\t\t\t\t\t\t<div class=\"sow-accordion-open-button\">\n\t\t\t\t\t\t\t\t<span class=\"sow-icon-ionicons\" data-sow-icon=\"&#xf218;\"\n\t\t \n\t\taria-hidden=\"true\"><\/span>\t\t\t\t\t\t\t<\/div>\n\t\t\t\t\t\t\t<div class=\"sow-accordion-close-button\">\n\t\t\t\t\t\t\t\t<span class=\"sow-icon-ionicons\" data-sow-icon=\"&#xf209;\"\n\t\t \n\t\taria-hidden=\"true\"><\/span>\t\t\t\t\t\t\t<\/div>\n\t\t\t\t\t\t<\/div>\n\t\t\t\t\t<\/div>\n\t\t\t\t<\/div>\n\n\t\t\t<div\n\t\t\t\tclass=\"sow-accordion-panel-content\"\n\t\t\t\trole=\"region\"\n\t\t\t\taria-labelledby=\"accordion-label-troch%c3%abk\"\n\t\t\t\tid=\"accordion-content-troch%c3%abk\"\n\t\t\t\tstyle=\"display: none;\"\t\t\t>\n\t\t\t\t<div class=\"sow-accordion-panel-border\">\n\t\t\t\t\t<p>Tr\u2019och\u00ebk\u2019s location, close to Dawson City, makes it ideal for future visitation opportunities.\u00a0 Self-guided access to Tr\u2019och\u00ebk is currently available overland by existing trails, and also during the winter across the frozen Klondike River or by boat in the summer.\u00a0 Formal interpretation is available during the summer months via organized events and programming from the D\u00e4noj\u00e0 Zho Cultural Centre. Regular summer programming at Tr\u2019och\u00ebk may be available in the future. Any visitation or programming will be guided by the Tr\u2019ond\u00ebk Hw\u00ebch\u2019in Heritage Department.<\/p>\n\t\t\t\t<\/div>\n\t\t\t<\/div>\n\t\t<\/div>\n\t\t\t<div class=\"sow-accordion-panel\n\t\t\t\t\t\"\n\t\t\t\tdata-anchor-id=\"moosehide-gathering\">\n\t\t\t\t\t<div class=\"sow-accordion-panel-header-container\" role=\"heading\" aria-level=\"2\">\n\t\t\t\t\t<div class=\"sow-accordion-panel-header\" tabindex=\"0\" role=\"button\" id=\"accordion-label-moosehide-gathering\" aria-controls=\"accordion-content-moosehide-gathering\" aria-expanded=\"false\">\n\t\t\t\t\t\t<div class=\"sow-accordion-title sow-accordion-title-icon-left\">\n\t\t\t\t\t\t\t\t\t\t\t\t\t\tMoosehide Gathering\t\t\t\t\t\t\t\t\t\t\t\t\t<\/div>\n\t\t\t\t\t\t<div class=\"sow-accordion-open-close-button\">\n\t\t\t\t\t\t\t<div class=\"sow-accordion-open-button\">\n\t\t\t\t\t\t\t\t<span class=\"sow-icon-ionicons\" data-sow-icon=\"&#xf218;\"\n\t\t \n\t\taria-hidden=\"true\"><\/span>\t\t\t\t\t\t\t<\/div>\n\t\t\t\t\t\t\t<div class=\"sow-accordion-close-button\">\n\t\t\t\t\t\t\t\t<span class=\"sow-icon-ionicons\" data-sow-icon=\"&#xf209;\"\n\t\t \n\t\taria-hidden=\"true\"><\/span>\t\t\t\t\t\t\t<\/div>\n\t\t\t\t\t\t<\/div>\n\t\t\t\t\t<\/div>\n\t\t\t\t<\/div>\n\n\t\t\t<div\n\t\t\t\tclass=\"sow-accordion-panel-content\"\n\t\t\t\trole=\"region\"\n\t\t\t\taria-labelledby=\"accordion-label-moosehide-gathering\"\n\t\t\t\tid=\"accordion-content-moosehide-gathering\"\n\t\t\t\tstyle=\"display: none;\"\t\t\t>\n\t\t\t\t<div class=\"sow-accordion-panel-border\">\n\t\t\t\t\t<p>Moosehide Gathering occurs every two years at J\u00ebjik Dh\u00e4 D\u00ebnezhu Kek\u2019it (Moosehide) and people from far and near attend. J\u00ebjik Dh\u00e4 D\u00ebnezhu Kek\u2019it is four kilometers along the Yukon River downstream from Dawson City. Outside of Moosehide Gathering, J\u00ebjik Dh\u00e4 D\u00ebnezhu Kek\u2019it (Moosehide Village) is closed to tourist visitation.<\/p>\n\t\t\t\t<\/div>\n\t\t\t<\/div>\n\t\t<\/div>\n\t\t\t<div class=\"sow-accordion-panel\n\t\t\t\t\t\"\n\t\t\t\tdata-anchor-id=\"fort-reliance\">\n\t\t\t\t\t<div class=\"sow-accordion-panel-header-container\" role=\"heading\" aria-level=\"2\">\n\t\t\t\t\t<div class=\"sow-accordion-panel-header\" tabindex=\"0\" role=\"button\" id=\"accordion-label-fort-reliance\" aria-controls=\"accordion-content-fort-reliance\" aria-expanded=\"false\">\n\t\t\t\t\t\t<div class=\"sow-accordion-title sow-accordion-title-icon-left\">\n\t\t\t\t\t\t\t\t\t\t\t\t\t\tFort Reliance\t\t\t\t\t\t\t\t\t\t\t\t\t<\/div>\n\t\t\t\t\t\t<div class=\"sow-accordion-open-close-button\">\n\t\t\t\t\t\t\t<div class=\"sow-accordion-open-button\">\n\t\t\t\t\t\t\t\t<span class=\"sow-icon-ionicons\" data-sow-icon=\"&#xf218;\"\n\t\t \n\t\taria-hidden=\"true\"><\/span>\t\t\t\t\t\t\t<\/div>\n\t\t\t\t\t\t\t<div class=\"sow-accordion-close-button\">\n\t\t\t\t\t\t\t\t<span class=\"sow-icon-ionicons\" data-sow-icon=\"&#xf209;\"\n\t\t \n\t\taria-hidden=\"true\"><\/span>\t\t\t\t\t\t\t<\/div>\n\t\t\t\t\t\t<\/div>\n\t\t\t\t\t<\/div>\n\t\t\t\t<\/div>\n\n\t\t\t<div\n\t\t\t\tclass=\"sow-accordion-panel-content\"\n\t\t\t\trole=\"region\"\n\t\t\t\taria-labelledby=\"accordion-label-fort-reliance\"\n\t\t\t\tid=\"accordion-content-fort-reliance\"\n\t\t\t\tstyle=\"display: none;\"\t\t\t>\n\t\t\t\t<div class=\"sow-accordion-panel-border\">\n\t\t\t\t\t<p>Fort Reliance is a 7.5-kilometre journey on the Yukon River downstream from Dawson City. This component is an archaeological site and is not currently available to visit.<\/p>\n\t\t\t\t<\/div>\n\t\t\t<\/div>\n\t\t<\/div>\n\t\t\t<div class=\"sow-accordion-panel\n\t\t\t\t\t\"\n\t\t\t\tdata-anchor-id=\"chedahdek-forty-mile\">\n\t\t\t\t\t<div class=\"sow-accordion-panel-header-container\" role=\"heading\" aria-level=\"2\">\n\t\t\t\t\t<div class=\"sow-accordion-panel-header\" tabindex=\"0\" role=\"button\" id=\"accordion-label-ch%e2%80%99%c3%abd%c3%a4hd%c3%abk-forty-mile\" aria-controls=\"accordion-content-ch%e2%80%99%c3%abd%c3%a4hd%c3%abk-forty-mile\" aria-expanded=\"false\">\n\t\t\t\t\t\t<div class=\"sow-accordion-title sow-accordion-title-icon-left\">\n\t\t\t\t\t\t\t\t\t\t\t\t\t\tCh\u2019\u00ebd\u00e4hd\u00ebk (Forty Mile)\t\t\t\t\t\t\t\t\t\t\t\t\t<\/div>\n\t\t\t\t\t\t<div class=\"sow-accordion-open-close-button\">\n\t\t\t\t\t\t\t<div class=\"sow-accordion-open-button\">\n\t\t\t\t\t\t\t\t<span class=\"sow-icon-ionicons\" data-sow-icon=\"&#xf218;\"\n\t\t \n\t\taria-hidden=\"true\"><\/span>\t\t\t\t\t\t\t<\/div>\n\t\t\t\t\t\t\t<div class=\"sow-accordion-close-button\">\n\t\t\t\t\t\t\t\t<span class=\"sow-icon-ionicons\" data-sow-icon=\"&#xf209;\"\n\t\t \n\t\taria-hidden=\"true\"><\/span>\t\t\t\t\t\t\t<\/div>\n\t\t\t\t\t\t<\/div>\n\t\t\t\t\t<\/div>\n\t\t\t\t<\/div>\n\n\t\t\t<div\n\t\t\t\tclass=\"sow-accordion-panel-content\"\n\t\t\t\trole=\"region\"\n\t\t\t\taria-labelledby=\"accordion-label-ch%e2%80%99%c3%abd%c3%a4hd%c3%abk-forty-mile\"\n\t\t\t\tid=\"accordion-content-ch%e2%80%99%c3%abd%c3%a4hd%c3%abk-forty-mile\"\n\t\t\t\tstyle=\"display: none;\"\t\t\t>\n\t\t\t\t<div class=\"sow-accordion-panel-border\">\n\t\t\t\t\t<p>Currently, Ch\u2019\u00ebd\u00e4hd\u00ebk (Forty Mile) is closed to the public, due to impacts from the 2023 Yukon River ice jam and flood. Both Tr\u2019ond\u00ebk Hw\u00ebch\u2019in and the Government of Yukon have prioritized reestablishing this access as soon as possible. It is envisioned that this site will continue to be one of the main sites for visitation.\u00a0 No visitor opportunities are planned for Fort Cudahy and Fort Constantine, which are completely archaeological nor Ch\u2019\u00ebd\u00e4hd\u00ebk Tth\u2019\u00e4n K\u2019et (D\u00ebnezhu Graveyard), a fragile spiritual place. Forty Mile visitors will be able to experience Mission Island with future trail development and interpretation to enhance learning and understanding.<\/p>\n\t\t\t\t<\/div>\n\t\t\t<\/div>\n\t\t<\/div>\n\t\t\t<div class=\"sow-accordion-panel\n\t\t\t\t\t\"\n\t\t\t\tdata-anchor-id=\"tthe-zray-kekit-black-city\">\n\t\t\t\t\t<div class=\"sow-accordion-panel-header-container\" role=\"heading\" aria-level=\"2\">\n\t\t\t\t\t<div class=\"sow-accordion-panel-header\" tabindex=\"0\" role=\"button\" id=\"accordion-label-tthe-zr%c4%85y-kek%e2%80%99it-black-city\" aria-controls=\"accordion-content-tthe-zr%c4%85y-kek%e2%80%99it-black-city\" aria-expanded=\"false\">\n\t\t\t\t\t\t<div class=\"sow-accordion-title sow-accordion-title-icon-left\">\n\t\t\t\t\t\t\t\t\t\t\t\t\t\tTthe Zr\u0105y Kek\u2019it (Black City)\t\t\t\t\t\t\t\t\t\t\t\t\t<\/div>\n\t\t\t\t\t\t<div class=\"sow-accordion-open-close-button\">\n\t\t\t\t\t\t\t<div class=\"sow-accordion-open-button\">\n\t\t\t\t\t\t\t\t<span class=\"sow-icon-ionicons\" data-sow-icon=\"&#xf218;\"\n\t\t \n\t\taria-hidden=\"true\"><\/span>\t\t\t\t\t\t\t<\/div>\n\t\t\t\t\t\t\t<div class=\"sow-accordion-close-button\">\n\t\t\t\t\t\t\t\t<span class=\"sow-icon-ionicons\" data-sow-icon=\"&#xf209;\"\n\t\t \n\t\taria-hidden=\"true\"><\/span>\t\t\t\t\t\t\t<\/div>\n\t\t\t\t\t\t<\/div>\n\t\t\t\t\t<\/div>\n\t\t\t\t<\/div>\n\n\t\t\t<div\n\t\t\t\tclass=\"sow-accordion-panel-content\"\n\t\t\t\trole=\"region\"\n\t\t\t\taria-labelledby=\"accordion-label-tthe-zr%c4%85y-kek%e2%80%99it-black-city\"\n\t\t\t\tid=\"accordion-content-tthe-zr%c4%85y-kek%e2%80%99it-black-city\"\n\t\t\t\tstyle=\"display: none;\"\t\t\t>\n\t\t\t\t<div class=\"sow-accordion-panel-border\">\n\t\t\t\t\t<p>Tthe Zr\u0105y Kek\u2019it (Black City) is 100 kilometers northeast of Moosehide on the east side of the Dempster Highway. Limited access to Tthe Zr\u0105y Kek\u2019it (Black City) for events with cultural programming will be offered in the future.<\/p>\n\t\t\t\t<\/div>\n\t\t\t<\/div>\n\t\t<\/div>\n\t\t<\/div>\n<\/div>\n<\/div><\/div><\/div><\/div><\/div><\/div><div id=\"pg-2775-3\"  class=\"panel-grid panel-has-style\" ><div class=\"siteorigin-panels-stretch panel-row-style panel-row-style-for-2775-3\" style=\"margin-top: 0px !important; \" data-stretch-type=\"full-width-stretch\" ><div id=\"pgc-2775-3-0\"  class=\"panel-grid-cell\" ><div class=\"panel-cell-style panel-cell-style-for-2775-3-0\" ><div id=\"panel-2775-3-0-0\" class=\"so-panel widget widget_ttrust_spacer trade-spacer panel-first-child panel-last-child\" data-index=\"4\" ><div style=\"margin-bottom: 0px !important; \" class=\"panel-widget-style panel-widget-style-for-2775-3-0-0\" >\t\t\t\t<div id=\"widget-3-0-0\" class=\"trade-spacer\" style=\"height: 600px;\"><\/div>\n\t\t\t<\/div><\/div><\/div><\/div><div id=\"pgc-2775-3-1\"  class=\"panel-grid-cell\" ><div class=\"panel-cell-style panel-cell-style-for-2775-3-1\" ><div id=\"panel-2775-3-1-0\" class=\"so-panel widget widget_sow-headline panel-first-child\" data-index=\"5\" ><div style=\"margin-bottom: 20px !important; \" class=\"panel-widget-style panel-widget-style-for-2775-3-1-0\" ><div\n\t\t\t\n\t\t\tclass=\"so-widget-sow-headline so-widget-sow-headline-default-d5025ad01ff2-2775\"\n\t\t\t\n\t\t><div class=\"sow-headline-container \">\n\t\t\t\t\t\t\t<h4 class=\"sow-headline\">\n\t\t\t\t\t\tTrip planning\t\t\t\t\t\t<\/h4>\n\t\t\t\t\t\t<\/div>\n<\/div><\/div><\/div><div id=\"panel-2775-3-1-1\" class=\"so-panel widget widget_sow-headline\" data-index=\"6\" ><div style=\"margin-bottom: 30px !important; \" class=\"panel-widget-style panel-widget-style-for-2775-3-1-1\" ><div\n\t\t\t\n\t\t\tclass=\"so-widget-sow-headline so-widget-sow-headline-default-bd93e78fdad2-2775\"\n\t\t\t\n\t\t><div class=\"sow-headline-container \">\n\t\t\t\t\t\t\t<h3 class=\"sow-headline\">\n\t\t\t\t\t\tLinks to help with planning your visit\t\t\t\t\t\t<\/h3>\n\t\t\t\t\t\t<\/div>\n<\/div><\/div><\/div><div id=\"panel-2775-3-1-2\" class=\"so-panel widget widget_sow-editor panel-last-child\" data-index=\"7\" ><div style=\"margin-bottom: 0px !important; \" class=\"panel-widget-style panel-widget-style-for-2775-3-1-2\" ><div\n\t\t\t\n\t\t\tclass=\"so-widget-sow-editor so-widget-sow-editor-base\"\n\t\t\t\n\t\t>\n<div class=\"siteorigin-widget-tinymce textwidget\">\n\t<p><a href=\"https:\/\/dawsoncity.ca\/plan-your-trip\/\">Plan your trip<\/a><\/p>\n<p><a href=\"https:\/\/www.trondek.ca\/our-story\/our-heritage\/danoja-zho-cultural-centre\/\">D\u00e4noj\u00e4 Zho Cultural Centre<\/a><\/p>\n<p style=\"text-align: left;\"><a href=\"https:\/\/www.trondek.ca\/our-story\/our-territory\/forty-mile\/\">Ch\u2019\u00ebd\u00e4hd\u00ebk (Forty Mile)<\/a><\/p>\n<p><a href=\"https:\/\/www.trondek.ca\/our-story\/our-territory\/trochek\/\">Tr\u2019och\u00ebk<\/a><\/p>\n<p><a href=\"https:\/\/www.trondek.ca\/our-story\/our-territory\/black-city\/\">Tthe Zr\u0105y Kek\u2019it (Black City)<\/a><\/p>\n<p><a href=\"https:\/\/parks.canada.ca\/lhn-nhs\/yt\/klondike\/visit\/sched\">Interpretive programs from Parks Canada<\/a><\/p>\n<p><a href=\"http:\/\/chrome-extension:\/\/efaidnbmnnnibpcajpcglclefindmkaj\/https:\/\/yukon.ca\/sites\/default\/files\/tc\/tc-walking-tour-dawson.pdf\">Dawson City Self-Guided Walking Tour<\/a><\/p>\n<p><a href=\"https:\/\/www.travelyukon.com\/\">Travel Yukon<\/a><\/p>\n<\/div>\n<\/div><\/div><\/div><\/div><\/div><\/div><\/div><\/div>","protected":false},"excerpt":{"rendered":"<p>Visit Experience Tr&#8217;ond\u00ebk-Hwech&#8217;in There are multiple daily scheduled flights to and from the Yukon. International and national flights land via the Erik Nielsen Whitehorse International Airport located in Whitehorse. Air North, Yukon\u2019s Airline offers daily services to Whitehorse from Vancouver, regular services from Calgary, Edmonton, Kelowna, Victoria and seasonal service from Toronto and Ottawa via &hellip; <a href=\"https:\/\/trondek-klondike.com\/index.php\/visit\/\" title=\"Visit\" class=\"read-more\">Read More<\/a><\/p>\n","protected":false},"author":1,"featured_media":0,"parent":0,"menu_order":0,"comment_status":"closed","ping_status":"closed","template":"","meta":{"footnotes":""},"class_list":["post-2775","page","type-page","status-publish","hentry"],"_links":{"self":[{"href":"https:\/\/trondek-klondike.com\/index.php\/wp-json\/wp\/v2\/pages\/2775","targetHints":{"allow":["GET"]}}],"collection":[{"href":"https:\/\/trondek-klondike.com\/index.php\/wp-json\/wp\/v2\/pages"}],"about":[{"href":"https:\/\/trondek-klondike.com\/index.php\/wp-json\/wp\/v2\/types\/page"}],"author":[{"embeddable":true,"href":"https:\/\/trondek-klondike.com\/index.php\/wp-json\/wp\/v2\/users\/1"}],"replies":[{"embeddable":true,"href":"https:\/\/trondek-klondike.com\/index.php\/wp-json\/wp\/v2\/comments?post=2775"}],"version-history":[{"count":12,"href":"https:\/\/trondek-klondike.com\/index.php\/wp-json\/wp\/v2\/pages\/2775\/revisions"}],"predecessor-version":[{"id":2863,"href":"https:\/\/trondek-klondike.com\/index.php\/wp-json\/wp\/v2\/pages\/2775\/revisions\/2863"}],"wp:attachment":[{"href":"https:\/\/trondek-klondike.com\/index.php\/wp-json\/wp\/v2\/media?parent=2775"}],"curies":[{"name":"wp","href":"https:\/\/api.w.org\/{rel}","templated":true}]}}