{"id":2248,"date":"2025-03-14T21:36:50","date_gmt":"2025-03-14T21:36:50","guid":{"rendered":"https:\/\/trondek-klondike.com\/?page_id=2248"},"modified":"2025-03-17T01:51:26","modified_gmt":"2025-03-17T01:51:26","slug":"chedahdek-forty-mile","status":"publish","type":"page","link":"https:\/\/trondek-klondike.com\/index.php\/chedahdek-forty-mile\/","title":{"rendered":"Ch\u00ebd\u00e4hd\u00ebk (Forty Mile)"},"content":{"rendered":"<div id=\"pl-2248\"  class=\"panel-layout\" ><div id=\"pg-2248-0\"  class=\"panel-grid panel-has-style\" ><div class=\"siteorigin-panels-stretch panel-row-style panel-row-style-for-2248-0\" style=\"background-image: url(https:\/\/trondek-klondike.com\/wp-content\/uploads\/2025\/03\/Forty-Mile.jpg);background-size: cover;background-position: center top;\" data-stretch-type=\"full\" ><div id=\"pgc-2248-0-0\"  class=\"panel-grid-cell\" ><div id=\"panel-2248-0-0-0\" class=\"so-panel widget widget_sow-headline panel-first-child panel-last-child\" data-index=\"0\" ><div style=\"margin-bottom: 20px !important; \" class=\"panel-widget-style panel-widget-style-for-2248-0-0-0\" ><div\n\t\t\t\n\t\t\tclass=\"so-widget-sow-headline so-widget-sow-headline-default-f6512abc8fb8-2248\"\n\t\t\t\n\t\t><div class=\"sow-headline-container \">\n\t\t\t\t\t\t\t<h2 class=\"sow-headline\">\n\t\t\t\t\t\tCh\u00ebd\u00e4hd\u00ebk (Forty Mile)\t\t\t\t\t\t<\/h2>\n\t\t\t\t\t\t<\/div>\n<\/div><\/div><\/div><\/div><\/div><\/div><div id=\"pg-2248-1\"  class=\"panel-grid panel-has-style\" ><div class=\"siteorigin-panels-stretch panel-row-style panel-row-style-for-2248-1\" style=\"margin-top: 0px !important; \" data-stretch-type=\"full\" ><div id=\"pgc-2248-1-0\"  class=\"panel-grid-cell\" ><div id=\"panel-2248-1-0-0\" class=\"so-panel widget widget_sow-editor panel-first-child panel-last-child\" data-index=\"1\" ><div style=\"margin-bottom: 20px !important; \" class=\"panel-widget-style panel-widget-style-for-2248-1-0-0\" ><div\n\t\t\t\n\t\t\tclass=\"so-widget-sow-editor so-widget-sow-editor-base\"\n\t\t\t\n\t\t>\n<div class=\"siteorigin-widget-tinymce textwidget\">\n\t<p><a href=\"https:\/\/trondek-klondike.com\/wp-content\/uploads\/2025\/03\/Fortymile-River-Components-Site-Boundaries-and-Buffers.pdf\"><img loading=\"lazy\" decoding=\"async\" class=\"alignleft wp-image-2250 size-medium\" src=\"https:\/\/trondek-klondike.com\/wp-content\/uploads\/2025\/03\/Fortymile-River-Components-Site-Boundaries-and-Buffers-212x300.jpg\" alt=\"\" width=\"212\" height=\"300\" srcset=\"https:\/\/trondek-klondike.com\/wp-content\/uploads\/2025\/03\/Fortymile-River-Components-Site-Boundaries-and-Buffers-212x300.jpg 212w, https:\/\/trondek-klondike.com\/wp-content\/uploads\/2025\/03\/Fortymile-River-Components-Site-Boundaries-and-Buffers-725x1024.jpg 725w, https:\/\/trondek-klondike.com\/wp-content\/uploads\/2025\/03\/Fortymile-River-Components-Site-Boundaries-and-Buffers-768x1085.jpg 768w, https:\/\/trondek-klondike.com\/wp-content\/uploads\/2025\/03\/Fortymile-River-Components-Site-Boundaries-and-Buffers-1087x1536.jpg 1087w, https:\/\/trondek-klondike.com\/wp-content\/uploads\/2025\/03\/Fortymile-River-Components-Site-Boundaries-and-Buffers-1449x2048.jpg 1449w, https:\/\/trondek-klondike.com\/wp-content\/uploads\/2025\/03\/Fortymile-River-Components-Site-Boundaries-and-Buffers-scaled.jpg 1812w\" sizes=\"auto, (max-width: 212px) 100vw, 212px\" \/><\/a><strong>Ch\u2019\u00ebd\u00e4hd\u00ebk (Forty Mile) townsite<\/strong> is on the west bank of the Yukon River at the confluence of the Yukon River and the Fortymile River. The site is co-managed by Tr\u2019ond\u00ebk Hw\u00ebch\u2019in and Yukon governments.<\/p>\n<p>First Nations people established camps along the soft flat banks near the river, awaiting the annual migrations of the Fortymile Caribou Herd that passed near here. They also fished for arctic grayling in spring and set up fish camps to catch and process salmon from two annual migrations up the Yukon River.<\/p>\n<p>Though only a small area of the site has been investigated, radiocarbon dating of materials excavated from six known archaeological components that predate our first contact with the outside world indicate that Ch\u2019\u00ebd\u00e4hd\u00ebk was regularly used by First Nations for 2,400 years.<\/p>\n<p>In 1886, miners travelled up the Fortymile River drainage, staking mining claims on its tributaries in the fall and wintered over at the confluence of the Fortymile and Yukon rivers. The new community of Forty Mile had been established at Ch\u2019\u00ebd\u00e4hd\u00ebk, over top of one of the Tr\u2019ond\u00ebk Hw\u00ebch\u2019in ancient hunting and fishing camps.<\/p>\n<p>By 1893, the town had a population of 600 people. The new town of log cabins became the Yukon\u2019s first permanent non-Indigenous settlement. There were six saloons, a roadhouse, grocery stores, a library, a theatre, restaurants and hotels, the Yukon\u2019s first post office, and a telegraph office. Doctors, blacksmiths, and a dressmaker plied their trades here.<\/p>\n<p>Today, the townsite is no longer occupied and consists of an ensemble of 7 historic log or timber buildings. There is also a pioneer cemetery southwest of the townsite with approximately 50 gravesites. The historic archaeological remains of this historic town are situated throughout the lower bench of the site.<\/p>\n<p>It was at Forty Mile where the relationship between the Tr\u2019ond\u00ebk Hw\u00ebch\u2019in and newcomers shifted from an egalitarian fur trade to a mineral- development economy. This shift is illustrated by the construction of the first colonial townsite in Tr\u2019ond\u00ebk Hw\u00ebch\u2019in territory over their ancient encampment.<\/p>\n<p>The views up and down the Yukon River remain unchanged. These vestiges of the once bustling town built over top of Indigenous camps demonstrate the impact of the expanding colonial efforts on the Tr\u2019ond\u00ebk Hw\u00ebch\u2019in way of life and lands.<\/p>\n<h4>Mission Island<\/h4>\n<p>Mission Island is a large sandbar island, located on the west side of the Yukon River near the southern limits of the historic Forty Mile townsite. Bishop Bompas and his wife Charlotte established a mission house and school here, for First Nations\u2019 children, after the townsite of Forty Mile was established.<\/p>\n<p>This was also where many of the First Nations set up their cabins, caches, tents, and fish racks, where they could be nearby while their children learned in the school. This is an archaeological site and only building outlines of the mission school, the missionary residence, and former dwellings are what remain today.<\/p>\n<p>The colonization of this small island demonstrates the impact on First Nations people of the early colonial efforts. The location of dwellings near the mission buildings and the location of their cemetery across the Yukon River show the increasing influence of the Church in the lives of Tr\u2019ond\u00ebk Hw\u00ebch\u2019in people as well as their segregation from the townsite, illustrating the increasingly marginal role in the community of the Tr\u2019ond\u00ebk Hw\u00ebch\u2019in.<\/p>\n<p>Yukon Government Historic Sites and Heritage Resources staff and Tr\u2019ond\u00ebk Hw\u00ebch\u2019in Heritage staff are responsible for seasonal conservation work and archaeology at the Forty Mile townsite. To protect the public\u2019s safety, the site is currently closed until site infrastructure is installed and stabilization work on the historic structures is completed.<\/p>\n<\/div>\n<\/div><\/div><\/div><\/div><\/div><\/div><\/div>","protected":false},"excerpt":{"rendered":"<p>Ch\u2019\u00ebd\u00e4hd\u00ebk (Forty Mile) townsite is on the west bank of the Yukon River at the confluence of the Yukon River and the Fortymile River. The site is co-managed by Tr\u2019ond\u00ebk Hw\u00ebch\u2019in and Yukon governments. First Nations people established camps along the soft flat banks near the river, awaiting the annual migrations of the Fortymile Caribou &hellip; <a href=\"https:\/\/trondek-klondike.com\/index.php\/chedahdek-forty-mile\/\" title=\"Ch\u00ebd\u00e4hd\u00ebk (Forty Mile)\" class=\"read-more\">Read More<\/a><\/p>\n","protected":false},"author":1,"featured_media":0,"parent":0,"menu_order":0,"comment_status":"closed","ping_status":"closed","template":"","meta":{"footnotes":""},"class_list":["post-2248","page","type-page","status-publish","hentry"],"_links":{"self":[{"href":"https:\/\/trondek-klondike.com\/index.php\/wp-json\/wp\/v2\/pages\/2248","targetHints":{"allow":["GET"]}}],"collection":[{"href":"https:\/\/trondek-klondike.com\/index.php\/wp-json\/wp\/v2\/pages"}],"about":[{"href":"https:\/\/trondek-klondike.com\/index.php\/wp-json\/wp\/v2\/types\/page"}],"author":[{"embeddable":true,"href":"https:\/\/trondek-klondike.com\/index.php\/wp-json\/wp\/v2\/users\/1"}],"replies":[{"embeddable":true,"href":"https:\/\/trondek-klondike.com\/index.php\/wp-json\/wp\/v2\/comments?post=2248"}],"version-history":[{"count":9,"href":"https:\/\/trondek-klondike.com\/index.php\/wp-json\/wp\/v2\/pages\/2248\/revisions"}],"predecessor-version":[{"id":2350,"href":"https:\/\/trondek-klondike.com\/index.php\/wp-json\/wp\/v2\/pages\/2248\/revisions\/2350"}],"wp:attachment":[{"href":"https:\/\/trondek-klondike.com\/index.php\/wp-json\/wp\/v2\/media?parent=2248"}],"curies":[{"name":"wp","href":"https:\/\/api.w.org\/{rel}","templated":true}]}}