{"id":1914,"date":"2021-04-15T01:39:22","date_gmt":"2021-04-15T01:39:22","guid":{"rendered":"http:\/\/tkwhstatus.ca\/?page_id=1914"},"modified":"2025-11-07T20:48:41","modified_gmt":"2025-11-07T20:48:41","slug":"resources-2","status":"publish","type":"page","link":"https:\/\/trondek-klondike.com\/index.php\/resources-2\/","title":{"rendered":"Resources"},"content":{"rendered":"<div id=\"pl-1914\"  class=\"panel-layout\" ><div id=\"pg-1914-0\"  class=\"panel-grid panel-has-style\" ><div class=\"siteorigin-panels-stretch parallax-section row-69e0575e53445 panel-row-style panel-row-style-for-1914-0\" style=\"background-image: url(https:\/\/trondek-klondike.com\/wp-content\/uploads\/2021\/03\/Forty-Mile-IMG_1580-e1743020276414.jpg);background-position: center top;\" data-stretch-type=\"full\" data-parallax-image=\"https:\/\/trondek-klondike.com\/wp-content\/uploads\/2021\/03\/Forty-Mile-IMG_1580-e1743020276414.jpg\" data-parallax-id=\".row-69e0575e53445\" ><div id=\"pgc-1914-0-0\"  class=\"panel-grid-cell panel-grid-cell-empty\" ><\/div><\/div><\/div><div id=\"pg-1914-1\"  class=\"panel-grid panel-has-style\" ><div class=\"siteorigin-panels-stretch panel-row-style panel-row-style-for-1914-1\" data-stretch-type=\"full\" ><div id=\"pgc-1914-1-0\"  class=\"panel-grid-cell panel-grid-cell-mobile-last\" ><div id=\"panel-1914-1-0-0\" class=\"so-panel widget widget_sow-headline panel-first-child\" data-index=\"0\" ><div style=\"margin-bottom: 20px !important; \" class=\"panel-widget-style panel-widget-style-for-1914-1-0-0\" ><div\n\t\t\t\n\t\t\tclass=\"so-widget-sow-headline so-widget-sow-headline-default-d5025ad01ff2-1914\"\n\t\t\t\n\t\t><div class=\"sow-headline-container \">\n\t\t\t\t\t\t\t<h4 class=\"sow-headline\">\n\t\t\t\t\t\tResources\t\t\t\t\t\t<\/h4>\n\t\t\t\t\t\t<\/div>\n<\/div><\/div><\/div><div id=\"panel-1914-1-0-1\" class=\"so-panel widget widget_sow-headline panel-last-child\" data-index=\"1\" ><div style=\"margin-bottom: 30px !important; \" class=\"panel-widget-style panel-widget-style-for-1914-1-0-1\" ><div\n\t\t\t\n\t\t\tclass=\"so-widget-sow-headline so-widget-sow-headline-default-bd93e78fdad2-1914\"\n\t\t\t\n\t\t><div class=\"sow-headline-container \">\n\t\t\t\t\t\t\t<h3 class=\"sow-headline\">\n\t\t\t\t\t\tA listing of resource documents, research papers and links\t\t\t\t\t\t<\/h3>\n\t\t\t\t\t\t<\/div>\n<\/div><\/div><\/div><\/div><div id=\"pgc-1914-1-1\"  class=\"panel-grid-cell panel-grid-cell-empty\" ><\/div><\/div><\/div><div id=\"pg-1914-2\"  class=\"panel-grid panel-has-style\" ><div class=\"siteorigin-panels-stretch panel-row-style panel-row-style-for-1914-2\" style=\"margin-top: 0px !important; \" data-stretch-type=\"full\" ><div id=\"pgc-1914-2-0\"  class=\"panel-grid-cell\" ><div id=\"panel-1914-2-0-0\" class=\"so-panel widget widget_sow-features panel-first-child panel-last-child\" data-index=\"2\" ><div class=\"wow fadeIn left panel-widget-style panel-widget-style-for-1914-2-0-0\" style=\"margin-bottom: 20px !important; margin-top: -100px !important; \" data-wow-delay=\"1s\" data-wow-offset=\"10\" data-wow-iteration=\"1\" id=\"finance-features\" ><div\n\t\t\t\n\t\t\tclass=\"so-widget-sow-features so-widget-sow-features-default-5184c226bf73-1914\"\n\t\t\t\n\t\t><ul\n\tclass=\"sow-features-list\n\tsow-features-responsive\">\n\n\t\t\t<li\n\t\t\tclass=\"sow-features-feature sow-icon-container-position-top\"\n\t\t\tstyle=\"display: flex; flex-direction: column; width: calc(33.333% - 25px);\"\n\t\t>\n\t\t\t\n\t\t\t\t\t\t<div\t\t\t\tclass=\"sow-icon-container sow-container-round\"\n\t\t\t\tstyle=\"color: ; \"\n\t\t\t\t\n\t\t\t\t\t\t\t>\n\t\t\t\t<span class=\"sow-icon-materialicons sowm-regular\" data-sow-icon=\"&#xef42\"\n\t\tstyle=\"font-size: 30px; color: #c68907\" \n\t\taria-hidden=\"true\"><\/span>\t\t\t<\/div>\n\n\t\t\t<div class=\"textwidget\">\n\t\t\t\t\n\t\t\t\t\t\t\t\t\t<h3 class=\"sow-features-feature-title\">\n\t\t\t\t\t\tManagement plans\t\t\t\t\t<\/h3>\n\t\t\t\t\n\t\t\t\t\t\t\t\t\t<div class=\"sow-features-feature-text\">\n\t\t\t\t\t<p><a href=\"https:\/\/trondek-klondike.com\/wp-content\/uploads\/2025\/11\/TK_Management_plan_2025_Oct_web.pdf\">Tr\u2019ond\u00ebk-Klondike World Heritage Site Management Plan\u00a0 (July 2025)<\/a><\/p>\n<p><span style=\"font-weight: 400\"><a href=\"https:\/\/www.pc.gc.ca\/en\/lhn-nhs\/yt\/klondike\/gestion-management\/gestion-management-2018\">Klondike National Historic Sites Management Plan<\/a><\/span><\/p>\n<p><a href=\"https:\/\/www.cityofdawson.ca\/Home\/DownloadDocument?docId=8f49bb2e-5bf2-4641-8562-511fa6dceb0a\">Dawson City Heritage Management Plan<\/a><\/p>\n<p><a href=\"https:\/\/www.trondek.ca\/moosehide-community-plan\">Moosehide Community Plan<\/a><\/p>\n<p><a href=\"https:\/\/www.trondek.ca\/moosehide-cultural-resources-management-plan\">Moosehide Cultural Resources Management Plan<\/a><\/p>\n<p><a href=\"https:\/\/yukon.ca\/sites\/yukon.ca\/files\/tc\/tc-forty-mile-fort-cudahy-fort-constantine-management-plan.pdf\">Forty Mile, Fort Cudahy and Fort Constantine Historic Site Management Plan<\/a><\/p>\n<p><a href=\"https:\/\/yukon.ca\/sites\/yukon.ca\/files\/tc\/tc-forty-mile-cultural-resource-management-plan-volume-1.pdf\">Forty Mile Cultural Resource Management Plan: Volume 1<\/a><\/p>\n<p><a href=\"https:\/\/yukon.ca\/en\/forty-mile-cultural-resource-management-plan-volume-2\">Forty Mile Cultural Resource Management Plan: Volume 2<\/a><\/p>\n<p><a href=\"https:\/\/yukon.ca\/en\/forty-mile-fort-cudahy-and-fort-constantine-interpretation-plan\">Forty Mile, Fort Cudahy and Fort Constantine Interpretation Plan<\/a><\/p>\n\t\t\t\t\t<\/div>\n\t\t\t\t\t\t\t\t<\/div>\n\t\t\t\t\t\t\t\t<\/li>\n\n\t\t\t<li\n\t\t\tclass=\"sow-features-feature sow-icon-container-position-top\"\n\t\t\tstyle=\"display: flex; flex-direction: column; width: calc(33.333% - 25px);\"\n\t\t>\n\t\t\t\n\t\t\t\t\t\t<div\t\t\t\tclass=\"sow-icon-container sow-container-round\"\n\t\t\t\tstyle=\"color: ; \"\n\t\t\t\t\n\t\t\t\t\t\t\t>\n\t\t\t\t<span class=\"sow-icon-materialicons sowm-regular\" data-sow-icon=\"&#xe85a\"\n\t\tstyle=\"font-size: 30px; color: #c68907\" \n\t\taria-hidden=\"true\"><\/span>\t\t\t<\/div>\n\n\t\t\t<div class=\"textwidget\">\n\t\t\t\t\n\t\t\t\t\t\t\t\t\t<h3 class=\"sow-features-feature-title\">\n\t\t\t\t\t\tNews releases\t\t\t\t\t<\/h3>\n\t\t\t\t\n\t\t\t\t\t\t\t\t\t<div class=\"sow-features-feature-text\">\n\t\t\t\t\t<p><a href=\"https:\/\/www.youtube.com\/watch?v=0RwsVr1DzTE\">Designation video<\/a><\/p>\n<p><a href=\"https:\/\/yukon.ca\/en\/news\/statement-minister-tourism-and-culture-john-streicker-trondek-klondike-being-inscribed-unesco\">Statement <span class=\"field field--name-title field--type-string field--label-hidden\">from Minister of Tourism and Culture John Streicker on Tr'ond\u00ebk-Klondike being inscribed to the UNESCO list of World Heritage Sites<\/span><\/a><\/p>\n<p><a href=\"https:\/\/www.canada.ca\/en\/parks-canada\/news\/2023\/09\/trondek-klondike-inscribed-on-the-unesco-world-heritage-list.html\">Tr\u2019ond\u00ebk-Klondike inscribed on the UNESCO World Heritage List \u2013 News release from Parks Canada<\/a><\/p>\n<h3>Research papers<\/h3>\n<p><a href=\"http:\/\/tkwhstatus.ca\/wp-content\/uploads\/2021\/04\/TK-Report-Final-Prosper.pdf\">TK Report<\/a><\/p>\n<p><a href=\"http:\/\/tkwhstatus.ca\/wp-content\/uploads\/2021\/04\/Thematic-Study-Final.pdf\">Thematic Study<\/a><\/p>\n<p><a href=\"http:\/\/tkwhstatus.ca\/wp-content\/uploads\/2021\/04\/Nominated-Property-Boundary-and-Buffer-Zone.pdf\">Nominated Property Boundary and Buffer Zone<\/a><\/p>\n<p><a href=\"http:\/\/tkwhstatus.ca\/wp-content\/uploads\/2021\/04\/HD_TK-research_report_30Jun2020-1.pdf\">TKWH Heritage Sites Research Report<\/a><\/p>\n<p><a href=\"http:\/\/tkwhstatus.ca\/wp-content\/uploads\/2021\/04\/C.Trondek-Hwechin-Governance-Law-and-Cosmology-Winton-Alexandra.-2019.pdf\">Tr\u2019ond\u00ebk Hw\u00ebch\u2019in Governance, Law, and Cosmology<\/a><\/p>\n<p><a href=\"https:\/\/whc.unesco.org\/en\/documents\/205672\">Advisory Body (ICOMOS) Evaluation of Tr\u2019ond\u00ebk-Klondike<\/a><\/p>\n<p><a href=\"https:\/\/whc.unesco.org\/en\/list\/1564\">Statement of Outstanding Universal Value<\/a><\/p>\n\t\t\t\t\t<\/div>\n\t\t\t\t\t\t\t\t<\/div>\n\t\t\t\t\t\t\t\t<\/li>\n\n\t\t\t<li\n\t\t\tclass=\"sow-features-feature sow-icon-container-position-top\"\n\t\t\tstyle=\"display: flex; flex-direction: column; width: calc(33.333% - 25px);\"\n\t\t>\n\t\t\t\n\t\t\t\t\t\t<div\t\t\t\tclass=\"sow-icon-container sow-container-round\"\n\t\t\t\tstyle=\"color: ; \"\n\t\t\t\t\n\t\t\t\t\t\t\t>\n\t\t\t\t<span class=\"sow-icon-materialicons sowm-regular\" data-sow-icon=\"&#xe536\"\n\t\tstyle=\"font-size: 30px; color: #c68907\" \n\t\taria-hidden=\"true\"><\/span>\t\t\t<\/div>\n\n\t\t\t<div class=\"textwidget\">\n\t\t\t\t\n\t\t\t\t\t\t\t\t\t<h3 class=\"sow-features-feature-title\">\n\t\t\t\t\t\tWalking tours\t\t\t\t\t<\/h3>\n\t\t\t\t\n\t\t\t\t\t\t\t\t\t<div class=\"sow-features-feature-text\">\n\t\t\t\t\t<p><a href=\"https:\/\/yukon.ca\/sites\/yukon.ca\/files\/tc\/tc-walking-tour-dawson.pdf\">Dawson Walking Tour<\/a><\/p>\n<p><a href=\"https:\/\/yukon.ca\/sites\/yukon.ca\/files\/tc\/tc-forty-mile-cheda-dek-guide.pdf\">Forty Mile\/ Ch\u00ebd\u00e4 D\u00ebk<\/a><\/p>\n<h3>Archaeology<\/h3>\n<p><a href=\"https:\/\/emrlibrary.gov.yk.ca\/Tourism\/archaeology%20and%20palaeontology%20booklets\/archaeology-forty-mile-2006.pdf\">Archaeology at Forty Mile\/ Ch\u00ebd\u00e4 D\u00ebk<\/a><\/p>\n<p><a href=\"http:\/\/emrlibrary.gov.yk.ca\/Tourism\/archaeology%20and%20palaeontology%20booklets\/trochek-archaeology-history-han-fish-camp-2001.pdf\">Tr\u2019och\u00ebk: The Archaeology and History of a H\u00e4n Fish Camp<\/a><\/p>\n<p><a href=\"https:\/\/parks.canada.ca\/culture\/spm-whs\/sites-canada\">World Heritage Sites In Canada<\/a><\/p>\n<p><a href=\"https:\/\/parks.canada.ca\/culture\/spm-whs\/indicative-tentative\">Canada\u2019s Tentative List<\/a><\/p>\n<p><a href=\"https:\/\/whc.unesco.org\/\">UNESCO World Heritage<\/a><\/p>\n<p><a href=\"https:\/\/whc.unesco.org\/en\/guidelines\/\">Operational Guidelines for the Implementation of the World Heritage Convention<\/a><\/p>\n\t\t\t\t\t<\/div>\n\t\t\t\t\t\t\t\t<\/div>\n\t\t\t\t\t\t\t\t<\/li>\n\n\t<\/ul>\n<\/div><\/div><\/div><\/div><\/div><\/div><div id=\"pg-1914-3\"  class=\"panel-grid panel-has-style\" ><div class=\"siteorigin-panels-stretch panel-row-style panel-row-style-for-1914-3\" data-stretch-type=\"full\" ><div id=\"pgc-1914-3-0\"  class=\"panel-grid-cell\" ><div id=\"panel-1914-3-0-0\" class=\"so-panel widget widget_sow-headline panel-first-child panel-last-child\" data-index=\"3\" ><div style=\"margin-bottom: 20px !important; \" class=\"panel-widget-style panel-widget-style-for-1914-3-0-0\" ><div\n\t\t\t\n\t\t\tclass=\"so-widget-sow-headline so-widget-sow-headline-default-d5025ad01ff2-1914\"\n\t\t\t\n\t\t><div class=\"sow-headline-container \">\n\t\t\t\t\t\t\t<h4 class=\"sow-headline\">\n\t\t\t\t\t\tProject partners\t\t\t\t\t\t<\/h4>\n\t\t\t\t\t\t<\/div>\n<\/div><\/div><\/div><\/div><\/div><\/div><div id=\"pg-1914-4\"  class=\"panel-grid panel-has-style\" ><div class=\"siteorigin-panels-stretch panel-row-style panel-row-style-for-1914-4\" data-stretch-type=\"full\" ><div id=\"pgc-1914-4-0\"  class=\"panel-grid-cell\" ><div id=\"panel-1914-4-0-0\" class=\"so-panel widget widget_sow-editor panel-first-child panel-last-child\" data-index=\"4\" ><div class=\"wow fadeInRight panel-widget-style panel-widget-style-for-1914-4-0-0\" style=\"margin-bottom: 20px !important; \" data-wow-offset=\"10\" data-wow-iteration=\"1\" ><div\n\t\t\t\n\t\t\tclass=\"so-widget-sow-editor so-widget-sow-editor-base\"\n\t\t\t\n\t\t>\n<div class=\"siteorigin-widget-tinymce textwidget\">\n\t<p style=\"text-align: left;\"><a title=\"Tr'ond\u00ebk Hw\u00ebch'in\" href=\"http:\/\/www.trondek.ca\" target=\"_blank\" rel=\"noopener noreferrer\">Tr\u2019ond\u00ebk Hw\u00ebch\u2019in<\/a><\/p>\n<p style=\"text-align: left;\"><a title=\"Government of Yukon\" href=\"http:\/\/www.gov.yk.ca\" target=\"_blank\" rel=\"noopener noreferrer\">Government of Yukon<\/a><\/p>\n<p style=\"text-align: left;\"><a title=\"Parks Canada\" href=\"http:\/\/www.pc.gc.ca\/en\/lhn-nhs\/yt\/klondike\" target=\"_blank\" rel=\"noopener noreferrer\">Parks Canada \u2013 Klondike National Historic Sites<\/a><\/p>\n<p style=\"text-align: left;\"><a title=\"Cit of Dawson\" href=\"http:\/\/cityofdawson.ca\" target=\"_blank\" rel=\"noopener noreferrer\">City of Dawson<\/a><\/p>\n<\/div>\n<\/div><\/div><\/div><\/div><div id=\"pgc-1914-4-1\"  class=\"panel-grid-cell\" ><div id=\"panel-1914-4-1-0\" class=\"so-panel widget widget_sow-editor panel-first-child panel-last-child\" data-index=\"5\" ><div class=\"wow fadeInRight panel-widget-style panel-widget-style-for-1914-4-1-0\" style=\"margin-bottom: 20px !important; \" data-wow-offset=\"10\" data-wow-iteration=\"1\" ><div\n\t\t\t\n\t\t\tclass=\"so-widget-sow-editor so-widget-sow-editor-base\"\n\t\t\t\n\t\t>\n<div class=\"siteorigin-widget-tinymce textwidget\">\n\t<p><a title=\"KVA\" href=\"http:\/\/dawsoncity.ca\/\" target=\"_blank\" rel=\"noopener noreferrer\">Klondike Visitors Association<\/a><\/p>\n<p><a title=\"Dawson City Museum\" href=\"http:\/\/www.dawsonmuseum.ca\/\" target=\"_blank\" rel=\"noopener noreferrer\">Dawson City Museum<\/a><\/p>\n<p><a title=\"Dawson City Chamber of Commerce\" href=\"http:\/\/www.dawsoncitychamberofcommerce.ca\/\" target=\"_blank\" rel=\"noopener noreferrer\">Dawson City Chamber of Commerce<\/a><\/p>\n<p><a title=\"Canadian Northern Economic Development Agency\" href=\"http:\/\/north.gc.ca\/\" target=\"_blank\" rel=\"noopener noreferrer\">Canadian Northern Economic Development Agency<\/a><\/p>\n<\/div>\n<\/div><\/div><\/div><\/div><\/div><\/div><\/div>","protected":false},"excerpt":{"rendered":"<p>Resources A listing of resource documents, research papers and links Management plans Tr\u2019ond\u00ebk-Klondike World Heritage Site Management Plan\u00a0 (July 2025) Klondike National Historic Sites Management Plan Dawson City Heritage Management Plan Moosehide Community Plan Moosehide Cultural Resources Management Plan Forty Mile, Fort Cudahy and Fort Constantine Historic Site Management Plan Forty Mile Cultural Resource Management &hellip; <a href=\"https:\/\/trondek-klondike.com\/index.php\/resources-2\/\" title=\"Resources\" class=\"read-more\">Read More<\/a><\/p>\n","protected":false},"author":2,"featured_media":0,"parent":0,"menu_order":0,"comment_status":"closed","ping_status":"closed","template":"","meta":{"footnotes":""},"class_list":["post-1914","page","type-page","status-publish","hentry"],"_links":{"self":[{"href":"https:\/\/trondek-klondike.com\/index.php\/wp-json\/wp\/v2\/pages\/1914","targetHints":{"allow":["GET"]}}],"collection":[{"href":"https:\/\/trondek-klondike.com\/index.php\/wp-json\/wp\/v2\/pages"}],"about":[{"href":"https:\/\/trondek-klondike.com\/index.php\/wp-json\/wp\/v2\/types\/page"}],"author":[{"embeddable":true,"href":"https:\/\/trondek-klondike.com\/index.php\/wp-json\/wp\/v2\/users\/2"}],"replies":[{"embeddable":true,"href":"https:\/\/trondek-klondike.com\/index.php\/wp-json\/wp\/v2\/comments?post=1914"}],"version-history":[{"count":46,"href":"https:\/\/trondek-klondike.com\/index.php\/wp-json\/wp\/v2\/pages\/1914\/revisions"}],"predecessor-version":[{"id":2892,"href":"https:\/\/trondek-klondike.com\/index.php\/wp-json\/wp\/v2\/pages\/1914\/revisions\/2892"}],"wp:attachment":[{"href":"https:\/\/trondek-klondike.com\/index.php\/wp-json\/wp\/v2\/media?parent=1914"}],"curies":[{"name":"wp","href":"https:\/\/api.w.org\/{rel}","templated":true}]}}