{"id":1827,"date":"2021-03-25T22:39:38","date_gmt":"2021-03-25T22:39:38","guid":{"rendered":"http:\/\/tkwhstatus.ca\/?page_id=1827"},"modified":"2026-04-15T17:18:13","modified_gmt":"2026-04-15T17:18:13","slug":"our-site","status":"publish","type":"page","link":"https:\/\/trondek-klondike.com\/index.php\/our-site\/","title":{"rendered":"Our site"},"content":{"rendered":"<div id=\"pl-1827\"  class=\"panel-layout\" ><div id=\"pg-1827-0\"  class=\"panel-grid panel-has-style\" ><div class=\"siteorigin-panels-stretch parallax-section row-69fdce6d6c4f2 panel-row-style panel-row-style-for-1827-0\" style=\"background-image: url(https:\/\/trondek-klondike.com\/wp-content\/uploads\/2025\/03\/Moosehide-1.jpg);background-position: center top;\" data-stretch-type=\"full\" data-parallax-image=\"https:\/\/trondek-klondike.com\/wp-content\/uploads\/2025\/03\/Moosehide-1.jpg\" data-parallax-id=\".row-69fdce6d6c4f2\" ><div id=\"pgc-1827-0-0\"  class=\"panel-grid-cell panel-grid-cell-empty\" ><\/div><\/div><\/div><div id=\"pg-1827-1\"  class=\"panel-grid panel-has-style\" ><div class=\"siteorigin-panels-stretch panel-row-style panel-row-style-for-1827-1\" data-stretch-type=\"full\" ><div id=\"pgc-1827-1-0\"  class=\"panel-grid-cell panel-grid-cell-mobile-last\" ><div id=\"panel-1827-1-0-0\" class=\"so-panel widget widget_sow-headline panel-first-child\" data-index=\"0\" ><div style=\"margin-bottom: 30px !important; \" class=\"panel-widget-style panel-widget-style-for-1827-1-0-0\" ><div\n\t\t\t\n\t\t\tclass=\"so-widget-sow-headline so-widget-sow-headline-default-d5025ad01ff2-1827\"\n\t\t\t\n\t\t><div class=\"sow-headline-container \">\n\t\t\t\t\t\t\t<h4 class=\"sow-headline\">\n\t\t\t\t\t\tThe site\t\t\t\t\t\t<\/h4>\n\t\t\t\t\t\t<\/div>\n<\/div><\/div><\/div><div id=\"panel-1827-1-0-1\" class=\"so-panel widget widget_sow-headline panel-last-child\" data-index=\"1\" ><div style=\"margin-bottom: 30px !important; \" class=\"panel-widget-style panel-widget-style-for-1827-1-0-1\" ><div\n\t\t\t\n\t\t\tclass=\"so-widget-sow-headline so-widget-sow-headline-default-bd93e78fdad2-1827\"\n\t\t\t\n\t\t><div class=\"sow-headline-container \">\n\t\t\t\t\t\t\t<h3 class=\"sow-headline\">\n\t\t\t\t\t\tTr\u2019ond\u00ebk-Klondike stands out as a very rare occurrence and provides remarkable evidence of growing colonial influence within a concentrated timeframe \u2013 from the construction of the first commercial fur-trading post at Fort Reliance in 1874, to the Klondike Gold Rush of 1896-1898, and, ultimately, the consolidation of colonial authority by 1908.\t\t\t\t\t\t<\/h3>\n\t\t\t\t\t\t<\/div>\n<\/div><\/div><\/div><\/div><div id=\"pgc-1827-1-1\"  class=\"panel-grid-cell panel-grid-cell-empty\" ><\/div><\/div><\/div><div id=\"pg-1827-2\"  class=\"panel-grid panel-has-style\" ><div class=\"siteorigin-panels-stretch panel-row-style panel-row-style-for-1827-2\" data-stretch-type=\"full\" ><div id=\"pgc-1827-2-0\"  class=\"panel-grid-cell\" ><div id=\"panel-1827-2-0-0\" class=\"so-panel widget widget_sow-editor panel-first-child panel-last-child\" data-index=\"2\" ><div style=\"margin-bottom: 20px !important; \" class=\"panel-widget-style panel-widget-style-for-1827-2-0-0\" ><div\n\t\t\t\n\t\t\tclass=\"so-widget-sow-editor so-widget-sow-editor-base\"\n\t\t\t\n\t\t>\n<div class=\"siteorigin-widget-tinymce textwidget\">\n\t<p class=\"p1\">Tr\u2019ond\u00ebk-Klondike is located in the homeland of the Tr\u2019ond\u00ebk Hw\u00ebch\u2019in, in north-western Canada. It is a serial property that includes eight component parts: Fort Reliance; Ch\u2019\u00ebd\u00e4hd\u00ebk (Forty Mile); Ch\u2019\u00ebd\u00e4hd\u00ebk Tth\u2019\u00e4n K\u2019et (D\u00ebnezhu Graveyard); Fort Cudahy and Fort Constantine; Tr\u2019och\u00ebk; Dawson City; J\u00ebjik Dh\u00e4 D\u00ebnezhu Kek\u2019it (Moosehide Village); and Tthe Zr\u0105y Kek\u2019it (Black City). These have been significant resource and cultural areas for the Tr\u2019ond\u00ebk Hw\u00ebch\u2019in\u2019s ancestors for thousands of years and were fundamentally transformed during the colonial occupation of these lands.<\/p>\n<p>Collectively, the geographical, structural, and archaeological evidence of the Tr\u2019ond\u00ebk-Klondike serial property represents a rare and exceptionally preserved tangible illustration of dramatic modifications of land use, settlement patterns, and economy caused by the rapid and large scale of the colonising incursion of newcomers into the ancestral land of the Tr\u2019ond\u00ebk Hw\u00ebch\u2019in in search of gold and precious minerals. It also testifies to the intense upheaval that impacted the Indigenous people between 1874 and 1908, their dispossession from, and marginalisation in, their ancestral land, as well as their response and adaptation to the progressive colonial affirmation of the newly established Dominion of Canada. The component parts are also places where, through the endurance and revival of traditions, the Tr\u2019ond\u00ebk Hw\u00ebch\u2019in have fostered and maintained their distinct cultural identity.<\/p>\n<p class=\"p1\">\n<\/div>\n<\/div><\/div><\/div><\/div><div id=\"pgc-1827-2-1\"  class=\"panel-grid-cell\" ><div id=\"panel-1827-2-1-0\" class=\"so-panel widget widget_sow-image panel-first-child panel-last-child\" data-index=\"3\" ><div style=\"margin-bottom: 20px !important; \" class=\"panel-widget-style panel-widget-style-for-1827-2-1-0\" ><div\n\t\t\t\n\t\t\tclass=\"so-widget-sow-image so-widget-sow-image-default-c67d20f9f743-1827\"\n\t\t\t\n\t\t>\n<div class=\"sow-image-container\">\n\t\t<img \n\tsrc=\"https:\/\/trondek-klondike.com\/wp-content\/uploads\/2025\/04\/Map-1.2-Nominated-Property.jpg\" width=\"1000\" height=\"1000\" srcset=\"https:\/\/trondek-klondike.com\/wp-content\/uploads\/2025\/04\/Map-1.2-Nominated-Property.jpg 1000w, https:\/\/trondek-klondike.com\/wp-content\/uploads\/2025\/04\/Map-1.2-Nominated-Property-300x300.jpg 300w, https:\/\/trondek-klondike.com\/wp-content\/uploads\/2025\/04\/Map-1.2-Nominated-Property-150x150.jpg 150w, https:\/\/trondek-klondike.com\/wp-content\/uploads\/2025\/04\/Map-1.2-Nominated-Property-768x768.jpg 768w, https:\/\/trondek-klondike.com\/wp-content\/uploads\/2025\/04\/Map-1.2-Nominated-Property-700x700.jpg 700w\" sizes=\"(max-width: 1000px) 100vw, 1000px\" title=\"Map 1.2 Nominated Property\" alt=\"\" \t\tclass=\"so-widget-image\"\/>\n\t<\/div>\n\n<\/div><\/div><\/div><\/div><\/div><\/div><div id=\"pg-1827-3\"  class=\"panel-grid panel-has-style\" ><div class=\"siteorigin-panels-stretch panel-row-style panel-row-style-for-1827-3\" style=\"margin-top: 0px !important; \" data-stretch-type=\"full\" ><div id=\"pgc-1827-3-0\"  class=\"panel-grid-cell\" ><div id=\"panel-1827-3-0-0\" class=\"so-panel widget widget_sow-headline panel-first-child\" data-index=\"4\" ><div style=\"margin-bottom: 20px !important; \" class=\"panel-widget-style panel-widget-style-for-1827-3-0-0\" ><div\n\t\t\t\n\t\t\tclass=\"so-widget-sow-headline so-widget-sow-headline-default-d5025ad01ff2-1827\"\n\t\t\t\n\t\t><div class=\"sow-headline-container \">\n\t\t\t\t\t\t\t<h4 class=\"sow-headline\">\n\t\t\t\t\t\tComponent sites\t\t\t\t\t\t<\/h4>\n\t\t\t\t\t\t<\/div>\n<\/div><\/div><\/div><div id=\"panel-1827-3-0-1\" class=\"so-panel widget widget_ttrust_portfolio trade-portfolio panel-last-child\" data-index=\"5\" ><div style=\"margin-bottom: 20px !important; \" class=\"panel-widget-style panel-widget-style-for-1827-3-0-1\" >\t\t\t\n\t\t\t\t<div class=\"projects rows-with-gutter col-4\">\n\t\t\t\t\n\t\t\t\t\t\t\n\t\t\t\t\n\t\t\t\t\t<div class=\"thumbs clearfix\">\n\t\t\t\t\t\t<div class=\"grid-sizer\"><\/div>\t\t\t\t\t\t\n\t\t\t\t\t\t\n\t\t\t\t\t<div class=\"project small  effect-1 \" id=\"project-2643\">\n\t\t\t\t\t\t<div class=\"inside\">\n\t\t\t\t\t\t\t\n\t\t\t\t\t\t\t<div class=\"details \" style=\"border-color: ;\">\n\t\t\t\t\t\t\t\t<div class=\"text\">\n\t\t\t\t\t\t\t\t<div class=\"title\" >\n\t\t\t\t\t\t\t\t\t<h3 class=\"entry-title\" style=\"color: !important;\">Ch\u2019\u00ebd\u00e4hd\u00ebk Tth\u2019\u00e4n K\u2019et (D\u00ebnezhu Graveyard)<\/h3>\n\t\t\t\t\t\t\t\t<\/div>\n\t\t\t\t\t\t\t\t\n\t\t\t\t\t\t\t\t\t\t\t\t\t\t\t\t\n\t\t\t\t\t\t\t\t<\/div>\n\t\t\t\t\t\t\t<\/div>\n\n\t\t\t\t\t\t\t<div class=\"overlay\" style=\"background-color: #c68907;\"><\/div>\n\t\t\t\t\t\t\t\n\t\t\t\t\t\t\t\t\t\t\t\t\t\t\t<a href=\"https:\/\/trondek-klondike.com\/index.php\/project\/chedahdek-tthan-ket-denezhu-graveyard\/\" alt=\"Ch\u2019\u00ebd\u00e4hd\u00ebk Tth\u2019\u00e4n K\u2019et (D\u00ebnezhu Graveyard)\"><\/a>\n\t\t\t\t\t\t\t\t\t\t\t\t\t<img loading=\"lazy\" decoding=\"async\" width=\"700\" height=\"481\" src=\"https:\/\/trondek-klondike.com\/wp-content\/uploads\/2025\/03\/Chedahdek-Tthan-Ket-700x481.jpg\" class=\" wp-post-image\" alt=\"Ch\u2019\u00ebd\u00e4hd\u00ebk Tth\u2019\u00e4n K\u2019et (D\u00ebnezhu Graveyard)\" title=\"Ch\u2019\u00ebd\u00e4hd\u00ebk Tth\u2019\u00e4n K\u2019et (D\u00ebnezhu Graveyard)\" \/>\n\t\t\t\t\t\t\n\n\t\t\t\t\t\t\n\t\t\t\t\t\t<\/div>\n\t\t\t\t\t<\/div><!-- #post->ID -->\n\t\t\t\t\t\t\n\t\t\t\t\t<div class=\"project small  effect-1 \" id=\"project-2469\">\n\t\t\t\t\t\t<div class=\"inside\">\n\t\t\t\t\t\t\t\n\t\t\t\t\t\t\t<div class=\"details \" style=\"border-color: ;\">\n\t\t\t\t\t\t\t\t<div class=\"text\">\n\t\t\t\t\t\t\t\t<div class=\"title\" >\n\t\t\t\t\t\t\t\t\t<h3 class=\"entry-title\" style=\"color: !important;\">Ch\u00ebd\u00e4hd\u00ebk <br> (Forty Mile)<\/h3>\n\t\t\t\t\t\t\t\t<\/div>\n\t\t\t\t\t\t\t\t\n\t\t\t\t\t\t\t\t\t\t\t\t\t\t\t\t\n\t\t\t\t\t\t\t\t<\/div>\n\t\t\t\t\t\t\t<\/div>\n\n\t\t\t\t\t\t\t<div class=\"overlay\" style=\"background-color: #c68907;\"><\/div>\n\t\t\t\t\t\t\t\n\t\t\t\t\t\t\t\t\t\t\t\t\t\t\t<a href=\"https:\/\/trondek-klondike.com\/index.php\/project\/chedahdek-forty-mile\/\" alt=\"Ch\u00ebd\u00e4hd\u00ebk  (Forty Mile)\"><\/a>\n\t\t\t\t\t\t\t\t\t\t\t\t\t<img loading=\"lazy\" decoding=\"async\" width=\"700\" height=\"480\" src=\"https:\/\/trondek-klondike.com\/wp-content\/uploads\/2025\/03\/Photo-27-Alaska-Commercial-Company-Warehouses-Chedahdek-Forty-Mile-scaled-e1741988382978-700x480.jpg\" class=\" wp-post-image\" alt=\"Ch\u00ebd\u00e4hd\u00ebk  (Forty Mile)\" title=\"Ch\u00ebd\u00e4hd\u00ebk  (Forty Mile)\" \/>\n\t\t\t\t\t\t\n\n\t\t\t\t\t\t\n\t\t\t\t\t\t<\/div>\n\t\t\t\t\t<\/div><!-- #post->ID -->\n\t\t\t\t\t\t\n\t\t\t\t\t<div class=\"project small  effect-1 \" id=\"project-2657\">\n\t\t\t\t\t\t<div class=\"inside\">\n\t\t\t\t\t\t\t\n\t\t\t\t\t\t\t<div class=\"details \" style=\"border-color: ;\">\n\t\t\t\t\t\t\t\t<div class=\"text\">\n\t\t\t\t\t\t\t\t<div class=\"title\" >\n\t\t\t\t\t\t\t\t\t<h3 class=\"entry-title\" style=\"color: !important;\">Dawson City<\/h3>\n\t\t\t\t\t\t\t\t<\/div>\n\t\t\t\t\t\t\t\t\n\t\t\t\t\t\t\t\t\t\t\t\t\t\t\t\t\n\t\t\t\t\t\t\t\t<\/div>\n\t\t\t\t\t\t\t<\/div>\n\n\t\t\t\t\t\t\t<div class=\"overlay\" style=\"background-color: #c68907;\"><\/div>\n\t\t\t\t\t\t\t\n\t\t\t\t\t\t\t\t\t\t\t\t\t\t\t<a href=\"https:\/\/trondek-klondike.com\/index.php\/project\/dawson-city\/\" alt=\"Dawson City\"><\/a>\n\t\t\t\t\t\t\t\t\t\t\t\t\t<img loading=\"lazy\" decoding=\"async\" width=\"700\" height=\"480\" src=\"https:\/\/trondek-klondike.com\/wp-content\/uploads\/2025\/03\/Dawson-700x480.jpg\" class=\" wp-post-image\" alt=\"Dawson City\" title=\"Dawson City\" \/>\n\t\t\t\t\t\t\n\n\t\t\t\t\t\t\n\t\t\t\t\t\t<\/div>\n\t\t\t\t\t<\/div><!-- #post->ID -->\n\t\t\t\t\t\t\n\t\t\t\t\t<div class=\"project small  effect-1 \" id=\"project-2492\">\n\t\t\t\t\t\t<div class=\"inside\">\n\t\t\t\t\t\t\t\n\t\t\t\t\t\t\t<div class=\"details \" style=\"border-color: ;\">\n\t\t\t\t\t\t\t\t<div class=\"text\">\n\t\t\t\t\t\t\t\t<div class=\"title\" >\n\t\t\t\t\t\t\t\t\t<h3 class=\"entry-title\" style=\"color: !important;\">Fort Cudahy and Fort Constantine<\/h3>\n\t\t\t\t\t\t\t\t<\/div>\n\t\t\t\t\t\t\t\t\n\t\t\t\t\t\t\t\t\t\t\t\t\t\t\t\t\n\t\t\t\t\t\t\t\t<\/div>\n\t\t\t\t\t\t\t<\/div>\n\n\t\t\t\t\t\t\t<div class=\"overlay\" style=\"background-color: #c68907;\"><\/div>\n\t\t\t\t\t\t\t\n\t\t\t\t\t\t\t\t\t\t\t\t\t\t\t<a href=\"https:\/\/trondek-klondike.com\/index.php\/project\/fort-cudahy-and-fort-constantine\/\" alt=\"Fort Cudahy and Fort Constantine\"><\/a>\n\t\t\t\t\t\t\t\t\t\t\t\t\t<img loading=\"lazy\" decoding=\"async\" width=\"700\" height=\"480\" src=\"https:\/\/trondek-klondike.com\/wp-content\/uploads\/2025\/03\/Forty-Mile-700x480.jpg\" class=\" wp-post-image\" alt=\"Fort Cudahy and Fort Constantine\" title=\"Fort Cudahy and Fort Constantine\" \/>\n\t\t\t\t\t\t\n\n\t\t\t\t\t\t\n\t\t\t\t\t\t<\/div>\n\t\t\t\t\t<\/div><!-- #post->ID -->\n\t\t\t\t\t\t\n\t\t\t\t\t<div class=\"project small  effect-1 \" id=\"project-2478\">\n\t\t\t\t\t\t<div class=\"inside\">\n\t\t\t\t\t\t\t\n\t\t\t\t\t\t\t<div class=\"details \" style=\"border-color: ;\">\n\t\t\t\t\t\t\t\t<div class=\"text\">\n\t\t\t\t\t\t\t\t<div class=\"title\" >\n\t\t\t\t\t\t\t\t\t<h3 class=\"entry-title\" style=\"color: !important;\">Fort Reliance<\/h3>\n\t\t\t\t\t\t\t\t<\/div>\n\t\t\t\t\t\t\t\t\n\t\t\t\t\t\t\t\t\t\t\t\t\t\t\t\t\n\t\t\t\t\t\t\t\t<\/div>\n\t\t\t\t\t\t\t<\/div>\n\n\t\t\t\t\t\t\t<div class=\"overlay\" style=\"background-color: #c68907;\"><\/div>\n\t\t\t\t\t\t\t\n\t\t\t\t\t\t\t\t\t\t\t\t\t\t\t<a href=\"https:\/\/trondek-klondike.com\/index.php\/project\/fort-reliance\/\" alt=\"Fort Reliance\"><\/a>\n\t\t\t\t\t\t\t\t\t\t\t\t\t<img loading=\"lazy\" decoding=\"async\" width=\"700\" height=\"480\" src=\"https:\/\/trondek-klondike.com\/wp-content\/uploads\/2025\/03\/DJI_0082-e1741987635689-700x480.jpg\" class=\" wp-post-image\" alt=\"Fort Reliance\" title=\"Fort Reliance\" \/>\n\t\t\t\t\t\t\n\n\t\t\t\t\t\t\n\t\t\t\t\t\t<\/div>\n\t\t\t\t\t<\/div><!-- #post->ID -->\n\t\t\t\t\t\t\n\t\t\t\t\t<div class=\"project small  effect-1 \" id=\"project-2673\">\n\t\t\t\t\t\t<div class=\"inside\">\n\t\t\t\t\t\t\t\n\t\t\t\t\t\t\t<div class=\"details \" style=\"border-color: ;\">\n\t\t\t\t\t\t\t\t<div class=\"text\">\n\t\t\t\t\t\t\t\t<div class=\"title\" >\n\t\t\t\t\t\t\t\t\t<h3 class=\"entry-title\" style=\"color: !important;\">J\u00ebjik Dh\u00e4 D\u00ebnezhu Kek\u2019it (Moosehide Village)<\/h3>\n\t\t\t\t\t\t\t\t<\/div>\n\t\t\t\t\t\t\t\t\n\t\t\t\t\t\t\t\t\t\t\t\t\t\t\t\t\n\t\t\t\t\t\t\t\t<\/div>\n\t\t\t\t\t\t\t<\/div>\n\n\t\t\t\t\t\t\t<div class=\"overlay\" style=\"background-color: #c68907;\"><\/div>\n\t\t\t\t\t\t\t\n\t\t\t\t\t\t\t\t\t\t\t\t\t\t\t<a href=\"https:\/\/trondek-klondike.com\/index.php\/project\/jejik-dha-denezhu-kekit-moosehide-village\/\" alt=\"J\u00ebjik Dh\u00e4 D\u00ebnezhu Kek\u2019it (Moosehide Village)\"><\/a>\n\t\t\t\t\t\t\t\t\t\t\t\t\t<img loading=\"lazy\" decoding=\"async\" width=\"700\" height=\"480\" src=\"https:\/\/trondek-klondike.com\/wp-content\/uploads\/2025\/03\/Moosehide2-700x480.jpg\" class=\" wp-post-image\" alt=\"J\u00ebjik Dh\u00e4 D\u00ebnezhu Kek\u2019it (Moosehide Village)\" title=\"J\u00ebjik Dh\u00e4 D\u00ebnezhu Kek\u2019it (Moosehide Village)\" \/>\n\t\t\t\t\t\t\n\n\t\t\t\t\t\t\n\t\t\t\t\t\t<\/div>\n\t\t\t\t\t<\/div><!-- #post->ID -->\n\t\t\t\t\t\t\n\t\t\t\t\t<div class=\"project small  effect-1 \" id=\"project-2595\">\n\t\t\t\t\t\t<div class=\"inside\">\n\t\t\t\t\t\t\t\n\t\t\t\t\t\t\t<div class=\"details \" style=\"border-color: ;\">\n\t\t\t\t\t\t\t\t<div class=\"text\">\n\t\t\t\t\t\t\t\t<div class=\"title\" >\n\t\t\t\t\t\t\t\t\t<h3 class=\"entry-title\" style=\"color: !important;\">Tr\u2019och\u00ebk<\/h3>\n\t\t\t\t\t\t\t\t<\/div>\n\t\t\t\t\t\t\t\t\n\t\t\t\t\t\t\t\t\t\t\t\t\t\t\t\t\n\t\t\t\t\t\t\t\t<\/div>\n\t\t\t\t\t\t\t<\/div>\n\n\t\t\t\t\t\t\t<div class=\"overlay\" style=\"background-color: #c68907;\"><\/div>\n\t\t\t\t\t\t\t\n\t\t\t\t\t\t\t\t\t\t\t\t\t\t\t<a href=\"https:\/\/trondek-klondike.com\/index.php\/project\/trochek\/\" alt=\"Tr\u2019och\u00ebk\"><\/a>\n\t\t\t\t\t\t\t\t\t\t\t\t\t<img loading=\"lazy\" decoding=\"async\" width=\"700\" height=\"480\" src=\"https:\/\/trondek-klondike.com\/wp-content\/uploads\/2025\/03\/Trochek-700x480.jpg\" class=\" wp-post-image\" alt=\"Tr\u2019och\u00ebk\" title=\"Tr\u2019och\u00ebk\" \/>\n\t\t\t\t\t\t\n\n\t\t\t\t\t\t\n\t\t\t\t\t\t<\/div>\n\t\t\t\t\t<\/div><!-- #post->ID -->\n\t\t\t\t\t\t\n\t\t\t\t\t<div class=\"project small  effect-1 \" id=\"project-2691\">\n\t\t\t\t\t\t<div class=\"inside\">\n\t\t\t\t\t\t\t\n\t\t\t\t\t\t\t<div class=\"details \" style=\"border-color: ;\">\n\t\t\t\t\t\t\t\t<div class=\"text\">\n\t\t\t\t\t\t\t\t<div class=\"title\" >\n\t\t\t\t\t\t\t\t\t<h3 class=\"entry-title\" style=\"color: !important;\">Tthe Zra\u00b8y Kek\u2019it (Black City)<\/h3>\n\t\t\t\t\t\t\t\t<\/div>\n\t\t\t\t\t\t\t\t\n\t\t\t\t\t\t\t\t\t\t\t\t\t\t\t\t\n\t\t\t\t\t\t\t\t<\/div>\n\t\t\t\t\t\t\t<\/div>\n\n\t\t\t\t\t\t\t<div class=\"overlay\" style=\"background-color: #c68907;\"><\/div>\n\t\t\t\t\t\t\t\n\t\t\t\t\t\t\t\t\t\t\t\t\t\t\t<a href=\"https:\/\/trondek-klondike.com\/index.php\/project\/tthe-zra-y-kekit-black-city\/\" alt=\"Tthe Zra\u00b8y Kek\u2019it (Black City)\"><\/a>\n\t\t\t\t\t\t\t\t\t\t\t\t\t<img loading=\"lazy\" decoding=\"async\" width=\"700\" height=\"480\" src=\"https:\/\/trondek-klondike.com\/wp-content\/uploads\/2025\/03\/DJI_0471-scaled-e1741989597492-700x480.jpg\" class=\" wp-post-image\" alt=\"Tthe Zra\u00b8y Kek\u2019it (Black City)\" title=\"Tthe Zra\u00b8y Kek\u2019it (Black City)\" \/>\n\t\t\t\t\t\t\n\n\t\t\t\t\t\t\n\t\t\t\t\t\t<\/div>\n\t\t\t\t\t<\/div><!-- #post->ID -->\n\t\t\t\t\t\t\t\t\t\t\t<\/div><!-- .thumbs -->\n\t\t\t\t\t\t\t\t\t<\/div><!-- .projects -->\n\t\t\t\t<\/div><\/div><\/div><\/div><\/div><div id=\"pg-1827-4\"  class=\"panel-grid panel-has-style\" ><div class=\"siteorigin-panels-stretch panel-row-style panel-row-style-for-1827-4\" style=\"margin-top: 0px !important; \" data-stretch-type=\"full\" ><div id=\"pgc-1827-4-0\"  class=\"panel-grid-cell\" ><div class=\"panel-cell-style panel-cell-style-for-1827-4-0\" ><div id=\"panel-1827-4-0-0\" class=\"so-panel widget widget_sow-image panel-first-child panel-last-child\" data-index=\"6\" ><div style=\"margin-bottom: 20px !important; \" class=\"panel-widget-style panel-widget-style-for-1827-4-0-0\" ><div\n\t\t\t\n\t\t\tclass=\"so-widget-sow-image so-widget-sow-image-default-dbf295114b96-2691\"\n\t\t\t\n\t\t>\n<div class=\"sow-image-container\">\n\t\t\t<a href=\"https:\/\/trondek-klondike.com\/wp-content\/uploads\/2021\/03\/T-K-Nomination-DossierLow-Res.pdf\"\n\t\t\t\t\t>\n\t\t\t<img \n\tsrc=\"https:\/\/trondek-klondike.com\/wp-content\/uploads\/2021\/03\/nomination_cover.png\" width=\"1240\" height=\"1754\" srcset=\"https:\/\/trondek-klondike.com\/wp-content\/uploads\/2021\/03\/nomination_cover.png 1240w, https:\/\/trondek-klondike.com\/wp-content\/uploads\/2021\/03\/nomination_cover-212x300.png 212w, https:\/\/trondek-klondike.com\/wp-content\/uploads\/2021\/03\/nomination_cover-724x1024.png 724w, https:\/\/trondek-klondike.com\/wp-content\/uploads\/2021\/03\/nomination_cover-768x1086.png 768w, https:\/\/trondek-klondike.com\/wp-content\/uploads\/2021\/03\/nomination_cover-1086x1536.png 1086w\" sizes=\"(max-width: 1240px) 100vw, 1240px\" alt=\"\" \t\tclass=\"so-widget-image\"\/>\n\t\t\t<\/a><\/div>\n\n<\/div><\/div><\/div><\/div><\/div><div id=\"pgc-1827-4-1\"  class=\"panel-grid-cell\" ><div class=\"panel-cell-style panel-cell-style-for-1827-4-1\" ><div id=\"panel-1827-4-1-0\" class=\"so-panel widget widget_sow-headline panel-first-child\" data-index=\"7\" ><div style=\"margin-bottom: 20px !important; \" class=\"panel-widget-style panel-widget-style-for-1827-4-1-0\" ><div\n\t\t\t\n\t\t\tclass=\"so-widget-sow-headline so-widget-sow-headline-default-d5025ad01ff2-2691\"\n\t\t\t\n\t\t><div class=\"sow-headline-container \">\n\t\t\t\t\t\t\t<h4 class=\"sow-headline\">\n\t\t\t\t\t\tManagement\t\t\t\t\t\t<\/h4>\n\t\t\t\t\t\t<\/div>\n<\/div><\/div><\/div><div id=\"panel-1827-4-1-1\" class=\"so-panel widget widget_sow-headline\" data-index=\"8\" ><div style=\"margin-bottom: 30px !important; \" class=\"panel-widget-style panel-widget-style-for-1827-4-1-1\" ><div\n\t\t\t\n\t\t\tclass=\"so-widget-sow-headline so-widget-sow-headline-default-bd93e78fdad2-2691\"\n\t\t\t\n\t\t><div class=\"sow-headline-container \">\n\t\t\t\t\t\t\t<h3 class=\"sow-headline\">\n\t\t\t\t\t\tThe management of the component sites will follow existing management plans and will continue to be managed according to existing legislation and treaties.\t\t\t\t\t\t<\/h3>\n\t\t\t\t\t\t<\/div>\n<\/div><\/div><\/div><div id=\"panel-1827-4-1-2\" class=\"so-panel widget widget_sow-editor panel-last-child\" data-index=\"9\" ><div style=\"margin-bottom: 20px !important; \" class=\"panel-widget-style panel-widget-style-for-1827-4-1-2\" ><div\n\t\t\t\n\t\t\tclass=\"so-widget-sow-editor so-widget-sow-editor-base\"\n\t\t\t\n\t\t>\n<div class=\"siteorigin-widget-tinymce textwidget\">\n\t<p><em>The Tr\u2019ond\u00ebk-Klondike World Heritage Site Management<\/em> Plan was signed by all four Parties in July 2015. The Plan outlines how the site\u2019s Outstanding Universal Value (OUV) will be protected, managed, and shared. It brings together federal, territorial, municipal, and First Nations laws, policies, and traditional practices to ensure long-term stewardship and protection of the site.<\/p>\n<p>[Read the<a href=\"https:\/\/trondek-klondike.com\/wp-content\/uploads\/2025\/11\/TK_Management_plan_2025_Oct_web.pdf\"> Management Plan<\/a> here.]<\/p>\n<\/div>\n<\/div><\/div><\/div><\/div><\/div><\/div><\/div><div id=\"pg-1827-5\"  class=\"panel-grid panel-has-style\" ><div style=\"margin-top: 0px !important; \" class=\"panel-row-style panel-row-style-for-1827-5\" ><div id=\"pgc-1827-5-0\"  class=\"panel-grid-cell\" ><div id=\"panel-1827-5-0-0\" class=\"so-panel widget widget_sow-editor panel-first-child panel-last-child\" data-index=\"10\" ><div style=\"margin-bottom: 20px !important; margin-top: 0px !important; \" class=\"panel-widget-style panel-widget-style-for-1827-5-0-0\" ><div\n\t\t\t\n\t\t\tclass=\"so-widget-sow-editor so-widget-sow-editor-base\"\n\t\t\t\n\t\t>\n<div class=\"siteorigin-widget-tinymce textwidget\">\n\t<p>To learn more about Tr\u2019ond\u00ebk-Klondike (Click on the cover for the full nomination dossier above (14 MB) or you can read the <a href=\"https:\/\/trondek-klondike.com\/wp-content\/uploads\/2021\/03\/Executive-Summary-Low-Res.pdf\">Executive Summary<\/a>.<\/p>\n<p>Funding was provided by Parks Canada, Government of Yukon and Canadian Northern Economic Development Agency (CanNor) with Tr\u2019ond\u00ebk Hw\u00ebch\u2019in leading the project, providing in-kind support, heritage and cultural knowledge and expertise. Many thanks to the numerous people who believed how extraordinary this place is and worked tirelessly on the nomination.<\/p>\n<\/div>\n<\/div><\/div><\/div><\/div><\/div><\/div><\/div>","protected":false},"excerpt":{"rendered":"<p>The site Tr\u2019ond\u00ebk-Klondike stands out as a very rare occurrence and provides remarkable evidence of growing colonial influence within a concentrated timeframe \u2013 from the construction of the first commercial fur-trading post at Fort Reliance in 1874, to the Klondike Gold Rush of 1896-1898, and, ultimately, the consolidation of colonial authority by 1908. Tr\u2019ond\u00ebk-Klondike is &hellip; <a href=\"https:\/\/trondek-klondike.com\/index.php\/our-site\/\" title=\"Our site\" class=\"read-more\">Read More<\/a><\/p>\n","protected":false},"author":2,"featured_media":0,"parent":0,"menu_order":0,"comment_status":"closed","ping_status":"closed","template":"","meta":{"footnotes":""},"class_list":["post-1827","page","type-page","status-publish","hentry"],"_links":{"self":[{"href":"https:\/\/trondek-klondike.com\/index.php\/wp-json\/wp\/v2\/pages\/1827","targetHints":{"allow":["GET"]}}],"collection":[{"href":"https:\/\/trondek-klondike.com\/index.php\/wp-json\/wp\/v2\/pages"}],"about":[{"href":"https:\/\/trondek-klondike.com\/index.php\/wp-json\/wp\/v2\/types\/page"}],"author":[{"embeddable":true,"href":"https:\/\/trondek-klondike.com\/index.php\/wp-json\/wp\/v2\/users\/2"}],"replies":[{"embeddable":true,"href":"https:\/\/trondek-klondike.com\/index.php\/wp-json\/wp\/v2\/comments?post=1827"}],"version-history":[{"count":113,"href":"https:\/\/trondek-klondike.com\/index.php\/wp-json\/wp\/v2\/pages\/1827\/revisions"}],"predecessor-version":[{"id":2894,"href":"https:\/\/trondek-klondike.com\/index.php\/wp-json\/wp\/v2\/pages\/1827\/revisions\/2894"}],"wp:attachment":[{"href":"https:\/\/trondek-klondike.com\/index.php\/wp-json\/wp\/v2\/media?parent=1827"}],"curies":[{"name":"wp","href":"https:\/\/api.w.org\/{rel}","templated":true}]}}