{"id":1795,"date":"2021-03-25T21:48:42","date_gmt":"2021-03-25T21:48:42","guid":{"rendered":"http:\/\/tkwhstatus.ca\/?page_id=1795"},"modified":"2025-06-12T21:17:30","modified_gmt":"2025-06-12T21:17:30","slug":"faq","status":"publish","type":"page","link":"https:\/\/trondek-klondike.com\/index.php\/faq\/","title":{"rendered":"FAQ"},"content":{"rendered":"<div id=\"pl-1795\"  class=\"panel-layout\" ><div id=\"pg-1795-0\"  class=\"panel-grid panel-has-style\" ><div class=\"siteorigin-panels-stretch parallax-section row-69fb2ce21a9a9 panel-row-style panel-row-style-for-1795-0\" style=\"background-image: url(https:\/\/trondek-klondike.com\/wp-content\/uploads\/2025\/02\/Photo-2-Trochek-scaled-e1742946193482.jpg);background-position: center top;\" data-stretch-type=\"full\" data-parallax-image=\"https:\/\/trondek-klondike.com\/wp-content\/uploads\/2025\/02\/Photo-2-Trochek-scaled-e1742946193482.jpg\" data-parallax-id=\".row-69fb2ce21a9a9\" ><div id=\"pgc-1795-0-0\"  class=\"panel-grid-cell panel-grid-cell-empty\" ><\/div><\/div><\/div><div id=\"pg-1795-1\"  class=\"panel-grid panel-has-style\" ><div class=\"siteorigin-panels-stretch panel-row-style panel-row-style-for-1795-1\" data-stretch-type=\"full\" ><div id=\"pgc-1795-1-0\"  class=\"panel-grid-cell panel-grid-cell-mobile-last\" ><div id=\"panel-1795-1-0-0\" class=\"so-panel widget widget_sow-headline panel-first-child\" data-index=\"0\" ><div style=\"margin-bottom: 20px !important; \" class=\"panel-widget-style panel-widget-style-for-1795-1-0-0\" ><div\n\t\t\t\n\t\t\tclass=\"so-widget-sow-headline so-widget-sow-headline-default-d5025ad01ff2-1795\"\n\t\t\t\n\t\t><div class=\"sow-headline-container \">\n\t\t\t\t\t\t\t<h4 class=\"sow-headline\">\n\t\t\t\t\t\tFAQ\t\t\t\t\t\t<\/h4>\n\t\t\t\t\t\t<\/div>\n<\/div><\/div><\/div><div id=\"panel-1795-1-0-1\" class=\"so-panel widget widget_sow-headline panel-last-child\" data-index=\"1\" ><div style=\"margin-bottom: 30px !important; \" class=\"panel-widget-style panel-widget-style-for-1795-1-0-1\" ><div\n\t\t\t\n\t\t\tclass=\"so-widget-sow-headline so-widget-sow-headline-default-bd93e78fdad2-1795\"\n\t\t\t\n\t\t><div class=\"sow-headline-container \">\n\t\t\t\t\t\t\t<h3 class=\"sow-headline\">\n\t\t\t\t\t\tWhat does world heritage designation mean and how does it affect us?\t\t\t\t\t\t<\/h3>\n\t\t\t\t\t\t<\/div>\n<\/div><\/div><\/div><\/div><div id=\"pgc-1795-1-1\"  class=\"panel-grid-cell panel-grid-cell-empty\" ><\/div><\/div><\/div><div id=\"pg-1795-2\"  class=\"panel-grid panel-has-style\" ><div class=\"panel-row-style panel-row-style-for-1795-2\" ><div id=\"pgc-1795-2-0\"  class=\"panel-grid-cell\" ><div id=\"panel-1795-2-0-0\" class=\"so-panel widget widget_sow-accordion panel-first-child panel-last-child\" data-index=\"2\" ><div style=\"margin-bottom: 20px !important; \" class=\"panel-widget-style panel-widget-style-for-1795-2-0-0\" ><div\n\t\t\t\n\t\t\tclass=\"so-widget-sow-accordion so-widget-sow-accordion-default-3d516a76e59f-1795\"\n\t\t\t\n\t\t><div>\n\t<div class=\"sow-accordion\">\n\t\t\t<div class=\"sow-accordion-panel\n\t\t\t\t\t\"\n\t\t\t\tdata-anchor-id=\"when-did-trondek-klondike-become-a-world-heritage-site\">\n\t\t\t\t\t<div class=\"sow-accordion-panel-header-container\" role=\"heading\" aria-level=\"2\">\n\t\t\t\t\t<div class=\"sow-accordion-panel-header\" tabindex=\"0\" role=\"button\" id=\"accordion-label-when-did-tr%e2%80%99ond%c3%abk-klondike-become-a-world-heritage-site\" aria-controls=\"accordion-content-when-did-tr%e2%80%99ond%c3%abk-klondike-become-a-world-heritage-site\" aria-expanded=\"false\">\n\t\t\t\t\t\t<div class=\"sow-accordion-title sow-accordion-title-icon-left\">\n\t\t\t\t\t\t\t\t\t\t\t\t\t\tWhen did Tr\u2019ond\u00ebk-Klondike become a World Heritage Site?\t\t\t\t\t\t\t\t\t\t\t\t\t<\/div>\n\t\t\t\t\t\t<div class=\"sow-accordion-open-close-button\">\n\t\t\t\t\t\t\t<div class=\"sow-accordion-open-button\">\n\t\t\t\t\t\t\t\t<span class=\"sow-icon-ionicons\" data-sow-icon=\"&#xf218;\"\n\t\t \n\t\taria-hidden=\"true\"><\/span>\t\t\t\t\t\t\t<\/div>\n\t\t\t\t\t\t\t<div class=\"sow-accordion-close-button\">\n\t\t\t\t\t\t\t\t<span class=\"sow-icon-ionicons\" data-sow-icon=\"&#xf209;\"\n\t\t \n\t\taria-hidden=\"true\"><\/span>\t\t\t\t\t\t\t<\/div>\n\t\t\t\t\t\t<\/div>\n\t\t\t\t\t<\/div>\n\t\t\t\t<\/div>\n\n\t\t\t<div\n\t\t\t\tclass=\"sow-accordion-panel-content\"\n\t\t\t\trole=\"region\"\n\t\t\t\taria-labelledby=\"accordion-label-when-did-tr%e2%80%99ond%c3%abk-klondike-become-a-world-heritage-site\"\n\t\t\t\tid=\"accordion-content-when-did-tr%e2%80%99ond%c3%abk-klondike-become-a-world-heritage-site\"\n\t\t\t\tstyle=\"display: none;\"\t\t\t>\n\t\t\t\t<div class=\"sow-accordion-panel-border\">\n\t\t\t\t\t<p>Tr\u2019ond\u00ebk-Klondike was inscribed to the World Heritage List following the decision by the World Heritage Committee announced at the World Heritage Meeting in Riyadh, Saudi Arabia, in September, 2023.<\/p>\n\t\t\t\t<\/div>\n\t\t\t<\/div>\n\t\t<\/div>\n\t\t\t<div class=\"sow-accordion-panel\n\t\t\t\t\t\"\n\t\t\t\tdata-anchor-id=\"what-and-where-is-the-trondek-klondike-world-heritage-site\">\n\t\t\t\t\t<div class=\"sow-accordion-panel-header-container\" role=\"heading\" aria-level=\"2\">\n\t\t\t\t\t<div class=\"sow-accordion-panel-header\" tabindex=\"0\" role=\"button\" id=\"accordion-label-what-and-where-is-the-tr%e2%80%99ond%c3%abk-klondike-world-heritage-site\" aria-controls=\"accordion-content-what-and-where-is-the-tr%e2%80%99ond%c3%abk-klondike-world-heritage-site\" aria-expanded=\"false\">\n\t\t\t\t\t\t<div class=\"sow-accordion-title sow-accordion-title-icon-left\">\n\t\t\t\t\t\t\t\t\t\t\t\t\t\tWhat and where is the Tr\u2019ond\u00ebk-Klondike World Heritage Site?\t\t\t\t\t\t\t\t\t\t\t\t\t<\/div>\n\t\t\t\t\t\t<div class=\"sow-accordion-open-close-button\">\n\t\t\t\t\t\t\t<div class=\"sow-accordion-open-button\">\n\t\t\t\t\t\t\t\t<span class=\"sow-icon-ionicons\" data-sow-icon=\"&#xf218;\"\n\t\t \n\t\taria-hidden=\"true\"><\/span>\t\t\t\t\t\t\t<\/div>\n\t\t\t\t\t\t\t<div class=\"sow-accordion-close-button\">\n\t\t\t\t\t\t\t\t<span class=\"sow-icon-ionicons\" data-sow-icon=\"&#xf209;\"\n\t\t \n\t\taria-hidden=\"true\"><\/span>\t\t\t\t\t\t\t<\/div>\n\t\t\t\t\t\t<\/div>\n\t\t\t\t\t<\/div>\n\t\t\t\t<\/div>\n\n\t\t\t<div\n\t\t\t\tclass=\"sow-accordion-panel-content\"\n\t\t\t\trole=\"region\"\n\t\t\t\taria-labelledby=\"accordion-label-what-and-where-is-the-tr%e2%80%99ond%c3%abk-klondike-world-heritage-site\"\n\t\t\t\tid=\"accordion-content-what-and-where-is-the-tr%e2%80%99ond%c3%abk-klondike-world-heritage-site\"\n\t\t\t\tstyle=\"display: none;\"\t\t\t>\n\t\t\t\t<div class=\"sow-accordion-panel-border\">\n\t\t\t\t\t<p>Tr\u2019ond\u00ebk-Klondike is a serial property, comprised of eight distinct heritage sites that together tell the story of Indigenous experiences during the development and expansion of colonialism in their territories. These eight parts contain the most intact and outstanding physical evidence of an Indigenous peoples\u2019 occupation of land overlain with evidence of colonial expansion, and the First Nations\u2019 responses.<\/p>\n<p>The site includes Fort Reliance, Ch\u2019\u00ebd\u00e4hd\u00ebk (Forty Mile), Ch\u2019\u00ebd\u00e4hd\u00ebk Tth\u2019\u00e4n K\u2019et (D\u00ebnezhu Graveyard), Fort Cudahy and Fort Constantine, Tr\u2019och\u00ebk, Dawson City, J\u00ebjik Dh\u00e4 D\u00ebnezhu Kek\u2019it (Moosehide Village), and J\u00ebjik Dh\u00e4 Tthe Zra\u00b8y Kek\u2019it (Black City). The lands and waters in between the component sites are not included in the site.<\/p>\n<p>Composed of 335 hectares of land, the property is located within the homeland of Tr\u2019ond\u00ebk Hw\u00ebch\u2019in. The boundary encompasses component sites along parts of the Yukon River and the Blackstone River. The boundaries of the component parts were assigned to include the archaeological and historic resources that represent an Indigenous peoples\u2019 evolving experience of, and adaptation to, European colonialism at the turn of the twentieth century.<\/p>\n<p>Tr\u2019ond\u00ebk-Klondike illustrates Tr\u2019ond\u00ebk Hw\u00ebch\u2019in\u2019s presence in their homeland for thousands of years prior to the newcomers\u2019 arrival and the subsequent changes in land use, livelihoods, and patterns of settlement, as well as adaptations to new economies, in response to the establishment of colonial power over a thirty-year period from 1874 to 1908. Tr\u2019ond\u00ebk-Klondike testifies to the continuity of Tr\u2019ond\u00ebk Hw\u00ebch\u2019in life on the land and their cultural traditions, knowledge, and practices maintained, in spite of the colonial expansion and consolidation that occurred in the Yukon.<\/p>\n\t\t\t\t<\/div>\n\t\t\t<\/div>\n\t\t<\/div>\n\t\t\t<div class=\"sow-accordion-panel\n\t\t\t\t\t\"\n\t\t\t\tdata-anchor-id=\"will-world-heritage-status-affect-my-livelihood\">\n\t\t\t\t\t<div class=\"sow-accordion-panel-header-container\" role=\"heading\" aria-level=\"2\">\n\t\t\t\t\t<div class=\"sow-accordion-panel-header\" tabindex=\"0\" role=\"button\" id=\"accordion-label-will-world-heritage-status-affect-my-livelihood\" aria-controls=\"accordion-content-will-world-heritage-status-affect-my-livelihood\" aria-expanded=\"false\">\n\t\t\t\t\t\t<div class=\"sow-accordion-title sow-accordion-title-icon-left\">\n\t\t\t\t\t\t\t\t\t\t\t\t\t\tWill World Heritage status affect my livelihood?\t\t\t\t\t\t\t\t\t\t\t\t\t<\/div>\n\t\t\t\t\t\t<div class=\"sow-accordion-open-close-button\">\n\t\t\t\t\t\t\t<div class=\"sow-accordion-open-button\">\n\t\t\t\t\t\t\t\t<span class=\"sow-icon-ionicons\" data-sow-icon=\"&#xf218;\"\n\t\t \n\t\taria-hidden=\"true\"><\/span>\t\t\t\t\t\t\t<\/div>\n\t\t\t\t\t\t\t<div class=\"sow-accordion-close-button\">\n\t\t\t\t\t\t\t\t<span class=\"sow-icon-ionicons\" data-sow-icon=\"&#xf209;\"\n\t\t \n\t\taria-hidden=\"true\"><\/span>\t\t\t\t\t\t\t<\/div>\n\t\t\t\t\t\t<\/div>\n\t\t\t\t\t<\/div>\n\t\t\t\t<\/div>\n\n\t\t\t<div\n\t\t\t\tclass=\"sow-accordion-panel-content\"\n\t\t\t\trole=\"region\"\n\t\t\t\taria-labelledby=\"accordion-label-will-world-heritage-status-affect-my-livelihood\"\n\t\t\t\tid=\"accordion-content-will-world-heritage-status-affect-my-livelihood\"\n\t\t\t\tstyle=\"display: none;\"\t\t\t>\n\t\t\t\t<div class=\"sow-accordion-panel-border\">\n\t\t\t\t\t<p>World Heritage status will not affect Tr\u2019ond\u00ebk Hw\u00ebch\u2019in treaty and Aboriginal rights, resident interests, nor mining. Each of the component sites have previously had mineral staking rights withdrawn or are located within Settlement Land, identified in Tr\u2019ond\u00ebk Hw\u00ebch\u2019in Final and Self-Government Agreements. There are no active mining claims within the World Heritage Site.<\/p>\n\t\t\t\t<\/div>\n\t\t\t<\/div>\n\t\t<\/div>\n\t\t\t<div class=\"sow-accordion-panel\n\t\t\t\t\t\"\n\t\t\t\tdata-anchor-id=\"why-does-this-area-deserve-to-be-a-world-heritage-site\">\n\t\t\t\t\t<div class=\"sow-accordion-panel-header-container\" role=\"heading\" aria-level=\"2\">\n\t\t\t\t\t<div class=\"sow-accordion-panel-header\" tabindex=\"0\" role=\"button\" id=\"accordion-label-why-does-this-area-deserve-to-be-a-world-heritage-site\" aria-controls=\"accordion-content-why-does-this-area-deserve-to-be-a-world-heritage-site\" aria-expanded=\"false\">\n\t\t\t\t\t\t<div class=\"sow-accordion-title sow-accordion-title-icon-left\">\n\t\t\t\t\t\t\t\t\t\t\t\t\t\tWhy does this area deserve to be a World Heritage Site?\t\t\t\t\t\t\t\t\t\t\t\t\t<\/div>\n\t\t\t\t\t\t<div class=\"sow-accordion-open-close-button\">\n\t\t\t\t\t\t\t<div class=\"sow-accordion-open-button\">\n\t\t\t\t\t\t\t\t<span class=\"sow-icon-ionicons\" data-sow-icon=\"&#xf218;\"\n\t\t \n\t\taria-hidden=\"true\"><\/span>\t\t\t\t\t\t\t<\/div>\n\t\t\t\t\t\t\t<div class=\"sow-accordion-close-button\">\n\t\t\t\t\t\t\t\t<span class=\"sow-icon-ionicons\" data-sow-icon=\"&#xf209;\"\n\t\t \n\t\taria-hidden=\"true\"><\/span>\t\t\t\t\t\t\t<\/div>\n\t\t\t\t\t\t<\/div>\n\t\t\t\t\t<\/div>\n\t\t\t\t<\/div>\n\n\t\t\t<div\n\t\t\t\tclass=\"sow-accordion-panel-content\"\n\t\t\t\trole=\"region\"\n\t\t\t\taria-labelledby=\"accordion-label-why-does-this-area-deserve-to-be-a-world-heritage-site\"\n\t\t\t\tid=\"accordion-content-why-does-this-area-deserve-to-be-a-world-heritage-site\"\n\t\t\t\tstyle=\"display: none;\"\t\t\t>\n\t\t\t\t<div class=\"sow-accordion-panel-border\">\n\t\t\t\t\t<p>There is no other place like Tr\u2019ond\u00ebk-Klondike in the world.<\/p>\n<p>The eight component sites of Tr\u2019ond\u00ebk-Klondike have the most complete and\u00a0exceptional archaeological and historic evidence that reflects an Indigenous peoples'\u00a0experience of, and adaptation to, the global phenomenon known as European\u00a0colonialism.<\/p>\n<p>The Tr\u2019ond\u00ebk Hw\u00ebch\u2019in experience vividly echoes the experiences of Indigenous people\u00a0in North, Central, and South America; Oceania; Africa; and throughout many parts of\u00a0Asia during this period. Tr\u2019ond\u00ebk-Klondike relates the many changes that occurred from 1874, when the first commercial fur trading post was constructed in Tr\u2019ond\u00ebk Hw\u00ebch\u2019in territories, to 1908, when colonialism was entrenched into their daily lives. Tr\u2019ond\u00ebk-Klondike is a place that conveys the increasing colonial expansion into Tr\u2019ond\u00ebk Hw\u00ebch\u2019in homeland and their experiences and responses.<\/p>\n<p>The evidence that relays the heritage values of Tr\u2019ond\u00ebk-Klondike is in good condition\u00a0and the component sites are protected and managed under appropriate legislation and\u00a0policy. No component site is exposed to unplanned or unregulated development.<\/p>\n\t\t\t\t<\/div>\n\t\t\t<\/div>\n\t\t<\/div>\n\t\t\t<div class=\"sow-accordion-panel\n\t\t\t\t\t\"\n\t\t\t\tdata-anchor-id=\"are-there-any-other-heritage-sites-like-ours\">\n\t\t\t\t\t<div class=\"sow-accordion-panel-header-container\" role=\"heading\" aria-level=\"2\">\n\t\t\t\t\t<div class=\"sow-accordion-panel-header\" tabindex=\"0\" role=\"button\" id=\"accordion-label-are-there-any-other-heritage-sites-like-ours\" aria-controls=\"accordion-content-are-there-any-other-heritage-sites-like-ours\" aria-expanded=\"false\">\n\t\t\t\t\t\t<div class=\"sow-accordion-title sow-accordion-title-icon-left\">\n\t\t\t\t\t\t\t\t\t\t\t\t\t\tAre there any other heritage sites like ours?\t\t\t\t\t\t\t\t\t\t\t\t\t<\/div>\n\t\t\t\t\t\t<div class=\"sow-accordion-open-close-button\">\n\t\t\t\t\t\t\t<div class=\"sow-accordion-open-button\">\n\t\t\t\t\t\t\t\t<span class=\"sow-icon-ionicons\" data-sow-icon=\"&#xf218;\"\n\t\t \n\t\taria-hidden=\"true\"><\/span>\t\t\t\t\t\t\t<\/div>\n\t\t\t\t\t\t\t<div class=\"sow-accordion-close-button\">\n\t\t\t\t\t\t\t\t<span class=\"sow-icon-ionicons\" data-sow-icon=\"&#xf209;\"\n\t\t \n\t\taria-hidden=\"true\"><\/span>\t\t\t\t\t\t\t<\/div>\n\t\t\t\t\t\t<\/div>\n\t\t\t\t\t<\/div>\n\t\t\t\t<\/div>\n\n\t\t\t<div\n\t\t\t\tclass=\"sow-accordion-panel-content\"\n\t\t\t\trole=\"region\"\n\t\t\t\taria-labelledby=\"accordion-label-are-there-any-other-heritage-sites-like-ours\"\n\t\t\t\tid=\"accordion-content-are-there-any-other-heritage-sites-like-ours\"\n\t\t\t\tstyle=\"display: none;\"\t\t\t>\n\t\t\t\t<div class=\"sow-accordion-panel-border\">\n\t\t\t\t\t<p>Tr\u2019ond\u00ebk-Klondike is an exceptional site that illustrates Indigenous peoples' experiences\u00a0in the face of European colonialism. No other property on the World Heritage List or\u00a0Tentative Lists currently demonstrates as well, an Indigenous peoples' experience of,\u00a0and adaptation to, colonialism, nor the continuity of an Indigenous peoples' culture\u00a0before, during, and after the initial contact period with colonizers.<\/p>\n<p>Tr\u2019ond\u00ebk-Klondike is a remarkable illustration of what Indigenous people all around the\u00a0world experienced over a 500-year period, when European nations imposed their\u00a0economic, political, military, social, and cultural power on all corners of the globe.<\/p>\n\t\t\t\t<\/div>\n\t\t\t<\/div>\n\t\t<\/div>\n\t\t\t<div class=\"sow-accordion-panel\n\t\t\t\t\t\"\n\t\t\t\tdata-anchor-id=\"who-will-have-authority-over-the-site\">\n\t\t\t\t\t<div class=\"sow-accordion-panel-header-container\" role=\"heading\" aria-level=\"2\">\n\t\t\t\t\t<div class=\"sow-accordion-panel-header\" tabindex=\"0\" role=\"button\" id=\"accordion-label-who-will-have-authority-over-the-site\" aria-controls=\"accordion-content-who-will-have-authority-over-the-site\" aria-expanded=\"false\">\n\t\t\t\t\t\t<div class=\"sow-accordion-title sow-accordion-title-icon-left\">\n\t\t\t\t\t\t\t\t\t\t\t\t\t\tWho will have authority over the site?\t\t\t\t\t\t\t\t\t\t\t\t\t<\/div>\n\t\t\t\t\t\t<div class=\"sow-accordion-open-close-button\">\n\t\t\t\t\t\t\t<div class=\"sow-accordion-open-button\">\n\t\t\t\t\t\t\t\t<span class=\"sow-icon-ionicons\" data-sow-icon=\"&#xf218;\"\n\t\t \n\t\taria-hidden=\"true\"><\/span>\t\t\t\t\t\t\t<\/div>\n\t\t\t\t\t\t\t<div class=\"sow-accordion-close-button\">\n\t\t\t\t\t\t\t\t<span class=\"sow-icon-ionicons\" data-sow-icon=\"&#xf209;\"\n\t\t \n\t\taria-hidden=\"true\"><\/span>\t\t\t\t\t\t\t<\/div>\n\t\t\t\t\t\t<\/div>\n\t\t\t\t\t<\/div>\n\t\t\t\t<\/div>\n\n\t\t\t<div\n\t\t\t\tclass=\"sow-accordion-panel-content\"\n\t\t\t\trole=\"region\"\n\t\t\t\taria-labelledby=\"accordion-label-who-will-have-authority-over-the-site\"\n\t\t\t\tid=\"accordion-content-who-will-have-authority-over-the-site\"\n\t\t\t\tstyle=\"display: none;\"\t\t\t>\n\t\t\t\t<div class=\"sow-accordion-panel-border\">\n\t\t\t\t\t<p>The Stewardship Committee brings together representatives of four levels of government with regulatory, management, or administrative responsibilities for the eight component parts of the Tr\u2019ond\u00ebk-Klondike World Heritage Site.<\/p>\n<p>Tr\u2019ond\u00ebk Hw\u00ebch\u2019in, Parks Canada Agency, Yukon Government, and the City of Dawson are signatories to a Memorandum of Understanding (MOU) wherein the Parties agree to collaboratively manage Tr\u2019ond\u00ebk-Klondike through implementation of the Tr\u2019ond\u00ebk-Klondike Management Plan. The Stewardship Committee\u2019s mandate is to ensure the conservation, protection, presentation, and transmission of Tr\u2019ond\u00ebk-Klondike\u2019s OUV to future generations.<\/p>\n<p>The Stewardship Committee will\u00a0not have legislated decision-making powers. Each member of the Committee will retain\u00a0the authority to make independent management decisions relative to land tenure within\u00a0its jurisdiction.<\/p>\n<p>Proposed development within Tr\u2019ond\u00ebk-Klondike will be subject to the legislation,\u00a0regulations, assessment, and\u00a0permitting processes of each government authority within\u00a0their respective jurisdiction.<\/p>\n<p>In addition, the Tr\u2019ond\u00ebk-Klondike World Heritage Advisory Committee will continue to provide advice and recommendations to the Stewardship Committee. This committee includes representatives from the four governments, Klondike Visitors Association, Dawson City Chamber of Commerce, Dawson City Museum and local residents. The Advisory Committee represents community organizations with an interest in the presentation, promotion, and development of Tr\u2019ond\u00ebk-Klondike that is compatible with its Outstanding Universal Value.<\/p>\n\t\t\t\t<\/div>\n\t\t\t<\/div>\n\t\t<\/div>\n\t\t\t<div class=\"sow-accordion-panel\n\t\t\t\t\t\"\n\t\t\t\tdata-anchor-id=\"what-are-the-benefits\">\n\t\t\t\t\t<div class=\"sow-accordion-panel-header-container\" role=\"heading\" aria-level=\"2\">\n\t\t\t\t\t<div class=\"sow-accordion-panel-header\" tabindex=\"0\" role=\"button\" id=\"accordion-label-what-are-the-benefits\" aria-controls=\"accordion-content-what-are-the-benefits\" aria-expanded=\"false\">\n\t\t\t\t\t\t<div class=\"sow-accordion-title sow-accordion-title-icon-left\">\n\t\t\t\t\t\t\t\t\t\t\t\t\t\tWhat are the benefits?\t\t\t\t\t\t\t\t\t\t\t\t\t<\/div>\n\t\t\t\t\t\t<div class=\"sow-accordion-open-close-button\">\n\t\t\t\t\t\t\t<div class=\"sow-accordion-open-button\">\n\t\t\t\t\t\t\t\t<span class=\"sow-icon-ionicons\" data-sow-icon=\"&#xf218;\"\n\t\t \n\t\taria-hidden=\"true\"><\/span>\t\t\t\t\t\t\t<\/div>\n\t\t\t\t\t\t\t<div class=\"sow-accordion-close-button\">\n\t\t\t\t\t\t\t\t<span class=\"sow-icon-ionicons\" data-sow-icon=\"&#xf209;\"\n\t\t \n\t\taria-hidden=\"true\"><\/span>\t\t\t\t\t\t\t<\/div>\n\t\t\t\t\t\t<\/div>\n\t\t\t\t\t<\/div>\n\t\t\t\t<\/div>\n\n\t\t\t<div\n\t\t\t\tclass=\"sow-accordion-panel-content\"\n\t\t\t\trole=\"region\"\n\t\t\t\taria-labelledby=\"accordion-label-what-are-the-benefits\"\n\t\t\t\tid=\"accordion-content-what-are-the-benefits\"\n\t\t\t\tstyle=\"display: none;\"\t\t\t>\n\t\t\t\t<div class=\"sow-accordion-panel-border\">\n\t\t\t\t\t<p>World Heritage status will first and foremost, help strengthen our community through working together and respecting each other's stories.<\/p>\n<p>Recognizing the strength and bravery of Tr\u2019ond\u00ebk Hw\u00ebch\u2019in and how their participation and leadership enhanced the learning and truth that occurred during the development of the nomination has and will continue to help people understand the impacts of colonialism in the Dawson region, the Yukon, Canada and the world. The challenging and difficult lessons of reconciliation are an integral part of the story of Tr\u2019ond\u00ebk-Klondike. World heritage status will help to relay an important story of resilience, adaptation and strength of the Tr\u2019ond\u00ebk Hw\u00ebch\u2019in as they responded to the increasing forces of colonialism; from the first newcomers venturing into their homeland to the expansion and consolidation of colonial power over the brief, intense period from 1874 to 1908.<\/p>\n<p>International recognition of Tr\u2019ond\u00ebk-Klondike provides an opportunity to enrich existing tourism activities. \"Tr'ond\u00ebk - Klondike is a special place unlike any other,\" said former Tr\u2019ond\u00ebk Hw\u00ebch\u2019in Chief Roberta Joseph, \"and we want to ensure that present and future generations, as well as visitors from near and far, hear our story.\"<\/p>\n<p>Marketing through the international lens of the globally recognized UNESCO logo can attract more visitors to Dawson City and the Yukon - including higher visitation from\u00a0international tourists and increasing the potential for winter visitors.<\/p>\n<p>World Heritage status will help support our efforts to diversify our economy and can stimulate business opportunities that create year-round jobs and incomes.<\/p>\n\t\t\t\t<\/div>\n\t\t\t<\/div>\n\t\t<\/div>\n\t\t\t<div class=\"sow-accordion-panel\n\t\t\t\t\t\"\n\t\t\t\tdata-anchor-id=\"what-about-the-impact-of-tourism\">\n\t\t\t\t\t<div class=\"sow-accordion-panel-header-container\" role=\"heading\" aria-level=\"2\">\n\t\t\t\t\t<div class=\"sow-accordion-panel-header\" tabindex=\"0\" role=\"button\" id=\"accordion-label-what-about-the-impact-of-tourism\" aria-controls=\"accordion-content-what-about-the-impact-of-tourism\" aria-expanded=\"false\">\n\t\t\t\t\t\t<div class=\"sow-accordion-title sow-accordion-title-icon-left\">\n\t\t\t\t\t\t\t\t\t\t\t\t\t\tWhat about the impact of tourism?\t\t\t\t\t\t\t\t\t\t\t\t\t<\/div>\n\t\t\t\t\t\t<div class=\"sow-accordion-open-close-button\">\n\t\t\t\t\t\t\t<div class=\"sow-accordion-open-button\">\n\t\t\t\t\t\t\t\t<span class=\"sow-icon-ionicons\" data-sow-icon=\"&#xf218;\"\n\t\t \n\t\taria-hidden=\"true\"><\/span>\t\t\t\t\t\t\t<\/div>\n\t\t\t\t\t\t\t<div class=\"sow-accordion-close-button\">\n\t\t\t\t\t\t\t\t<span class=\"sow-icon-ionicons\" data-sow-icon=\"&#xf209;\"\n\t\t \n\t\taria-hidden=\"true\"><\/span>\t\t\t\t\t\t\t<\/div>\n\t\t\t\t\t\t<\/div>\n\t\t\t\t\t<\/div>\n\t\t\t\t<\/div>\n\n\t\t\t<div\n\t\t\t\tclass=\"sow-accordion-panel-content\"\n\t\t\t\trole=\"region\"\n\t\t\t\taria-labelledby=\"accordion-label-what-about-the-impact-of-tourism\"\n\t\t\t\tid=\"accordion-content-what-about-the-impact-of-tourism\"\n\t\t\t\tstyle=\"display: none;\"\t\t\t>\n\t\t\t\t<div class=\"sow-accordion-panel-border\">\n\t\t\t\t\t<p>The local Stewardship Committee will plan for sustainable increases to visitor numbers, ensuring that visitors have access to appropriate areas of Tr'ond\u00ebk -Klondike and can appreciate the site without impacting fragile heritage areas or community use. It is an opportunity to develop and enhance programs at places such as Tr'och\u00ebk, Forty Mile, and Dawson City and leverage funding to increase the site\u2019s sustainability. Private areas like Moosehide, where there is no desire for tourism, will not be promoted or made accessible.<\/p>\n\t\t\t\t<\/div>\n\t\t\t<\/div>\n\t\t<\/div>\n\t\t<\/div>\n<\/div>\n<\/div><\/div><\/div><\/div><\/div><\/div><\/div>","protected":false},"excerpt":{"rendered":"<p>FAQ What does world heritage designation mean and how does it affect us? When did Tr\u2019ond\u00ebk-Klondike become a World Heritage Site? Tr\u2019ond\u00ebk-Klondike was inscribed to the World Heritage List following the decision by the World Heritage Committee announced at the World Heritage Meeting in Riyadh, Saudi Arabia, in September, 2023. What and where is the &hellip; <a href=\"https:\/\/trondek-klondike.com\/index.php\/faq\/\" title=\"FAQ\" class=\"read-more\">Read More<\/a><\/p>\n","protected":false},"author":2,"featured_media":0,"parent":0,"menu_order":0,"comment_status":"closed","ping_status":"closed","template":"","meta":{"footnotes":""},"class_list":["post-1795","page","type-page","status-publish","hentry"],"_links":{"self":[{"href":"https:\/\/trondek-klondike.com\/index.php\/wp-json\/wp\/v2\/pages\/1795","targetHints":{"allow":["GET"]}}],"collection":[{"href":"https:\/\/trondek-klondike.com\/index.php\/wp-json\/wp\/v2\/pages"}],"about":[{"href":"https:\/\/trondek-klondike.com\/index.php\/wp-json\/wp\/v2\/types\/page"}],"author":[{"embeddable":true,"href":"https:\/\/trondek-klondike.com\/index.php\/wp-json\/wp\/v2\/users\/2"}],"replies":[{"embeddable":true,"href":"https:\/\/trondek-klondike.com\/index.php\/wp-json\/wp\/v2\/comments?post=1795"}],"version-history":[{"count":21,"href":"https:\/\/trondek-klondike.com\/index.php\/wp-json\/wp\/v2\/pages\/1795\/revisions"}],"predecessor-version":[{"id":2867,"href":"https:\/\/trondek-klondike.com\/index.php\/wp-json\/wp\/v2\/pages\/1795\/revisions\/2867"}],"wp:attachment":[{"href":"https:\/\/trondek-klondike.com\/index.php\/wp-json\/wp\/v2\/media?parent=1795"}],"curies":[{"name":"wp","href":"https:\/\/api.w.org\/{rel}","templated":true}]}}